{"id":8150,"date":"2014-05-30T17:47:24","date_gmt":"2014-05-30T17:47:24","guid":{"rendered":"http:\/\/ceric.org\/?page_id=8150"},"modified":"2024-09-09T13:48:45","modified_gmt":"2024-09-09T17:48:45","slug":"sondage-des-specialistes-de-lorientation-professionelle","status":"publish","type":"page","link":"https:\/\/ceric.ca\/fr\/sondages\/sondage-des-specialistes-de-lorientation-professionelle\/","title":{"rendered":"Sondage des sp\u00e9cialistes de l&rsquo;orientation professionnelle"},"content":{"rendered":"<div class=\"wpb-content-wrapper\"><p>[vc_row][vc_column][vc_column_text]<\/p>\n<p>Le sondage des sp\u00e9cialistes de l&rsquo;orientation professionnelle a \u00e9t\u00e9 men\u00e9 par le CERIC entre le 14 octobre et le 18 novembre 2011. Mille treize (1 013) r\u00e9pondants du domaine ont rempli le sondage en ligne.<\/p>\n<p>Le questionnaire abordait les sujets de la recherche et de l&rsquo;\u00e9ducation, ainsi que les comp\u00e9tences professionnelles et la mobilit\u00e9 des praticiens. Les informations qui en d\u00e9coulent offrent un aper\u00e7u de la composition des services d&rsquo;orientation professionnelle, mais aussi de ses int\u00e9r\u00eats, de ses d\u00e9fis et de ses besoins en mati\u00e8re de d\u00e9veloppement professionnel et de sources d&rsquo;information.<\/p>\n<p>[\/vc_column_text]\r\n\t<div class=\"wprt-spacer clearfix\" data-desktop=\"35\" data-mobi=\"25\" data-smobi=\"0\"><\/div>[vc_column_text css=\u00a0\u00bb\u00a0\u00bb]<div class='w3eden wpdm_package_shortcode'><div class=\"media well link-template-widget\">\n    <div class=\"media-body\">\n        <a href=\"https:\/\/ceric.ca\/fr\/wpdm-package\/sondage-des-specialistes-de-lorientation-professionnelle\/?wpdmdl=14290&refresh=69d9867fecc571775863423\" style=\"display: block;clear: bottom;font-size: 11pt;font-weight: bold;\">Sondage des sp\u00e9cialistes de l\u2019orientation professionnelle<\/a>\n        <div style=\"font-size: 9pt;\">\n            <i class=\"fas fa-hdd color-green\"><\/i> 1.06 MB <i class=\"fa fa-copy ml-3\"><\/i>\n            1 file(s)\n        <\/div>\n    <\/div>\n<\/div>\n\n<\/div>[\/vc_column_text]\r\n\t<div class=\"wprt-spacer clearfix\" data-desktop=\"35\" data-mobi=\"25\" data-smobi=\"0\"><\/div>[vc_column_text]<\/p>\n<p style=\"text-align: center;\"><iframe style=\"border: 1px solid #CCC; border-width: 1px 1px 0; margin-bottom: 5px; max-width: 100%;\" src=\"http:\/\/www.slideshare.net\/slideshow\/embed_code\/11504063\" width=\"427\" height=\"356\" frameborder=\"0\" marginwidth=\"0\" marginheight=\"0\" scrolling=\"no\" allowfullscreen=\"allowfullscreen\"> <\/iframe><\/p>\n<div style=\"margin-bottom: 5px; text-align: center;\"><strong> <a title=\"Sondage des specialistes de l'orientation professionelle\" href=\"https:\/\/www.slideshare.net\/cericslides\/sondage-des-specialistes-de-lorientation-professionelle\" target=\"_blank\" rel=\"noopener\">Sondage des specialistes de l&rsquo;orientation professionelle<\/a> <\/strong> from <strong><a href=\"http:\/\/www.slideshare.net\/cericslides\" target=\"_blank\" rel=\"noopener\">CERIC<\/a><\/strong><\/div>\n<p>[\/vc_column_text][\/vc_column][\/vc_row]<\/p>\n<\/div>","protected":false},"excerpt":{"rendered":"<p>[vc_row][vc_column][vc_column_text] Le sondage des sp\u00e9cialistes de l&rsquo;orientation professionnelle a \u00e9t\u00e9 men\u00e9 par le CERIC entre le 14 octobre et le 18 novembre 2011. Mille treize (1<span class=\"excerpt-hellip\"> [\u2026]<\/span><\/p>\n","protected":false},"author":1,"featured_media":0,"parent":8182,"menu_order":0,"comment_status":"closed","ping_status":"closed","template":"","meta":{"h5ap_radio_sources":[],"footnotes":""},"class_list":["post-8150","page","type-page","status-publish","hentry"],"yoast_head":"<!-- This site is optimized with the Yoast SEO Premium plugin v27.3 (Yoast SEO v27.3) - https:\/\/yoast.com\/product\/yoast-seo-premium-wordpress\/ -->\n<title>Sondage des sp\u00e9cialistes de l&#039;orientation professionnelle - CERIC<\/title>\n<meta name=\"robots\" content=\"index, follow, max-snippet:-1, max-image-preview:large, max-video-preview:-1\" \/>\n<link rel=\"canonical\" href=\"https:\/\/ceric.ca\/fr\/sondages\/sondage-des-specialistes-de-lorientation-professionelle\/\" \/>\n<meta property=\"og:locale\" content=\"fr_FR\" \/>\n<meta property=\"og:type\" content=\"article\" \/>\n<meta property=\"og:title\" content=\"Sondage des sp\u00e9cialistes de l&#039;orientation professionnelle\" \/>\n<meta property=\"og:description\" content=\"[vc_row][vc_column][vc_column_text] Le sondage des sp\u00e9cialistes de l&rsquo;orientation professionnelle a \u00e9t\u00e9 men\u00e9 par le CERIC entre le 14 octobre et le 18 novembre 2011. Mille treize (1 [\u2026]\" \/>\n<meta property=\"og:url\" content=\"https:\/\/ceric.ca\/fr\/sondages\/sondage-des-specialistes-de-lorientation-professionelle\/\" \/>\n<meta property=\"og:site_name\" content=\"CERIC\" \/>\n<meta property=\"article:modified_time\" content=\"2024-09-09T17:48:45+00:00\" \/>\n<meta name=\"twitter:card\" content=\"summary_large_image\" \/>\n<meta name=\"twitter:label1\" content=\"Dur\u00e9e de lecture estim\u00e9e\" \/>\n\t<meta name=\"twitter:data1\" content=\"1 minute\" \/>\n<script type=\"application\/ld+json\" class=\"yoast-schema-graph\">{\"@context\":\"https:\\\/\\\/schema.org\",\"@graph\":[{\"@type\":\"WebPage\",\"@id\":\"https:\\\/\\\/ceric.ca\\\/fr\\\/sondages\\\/sondage-des-specialistes-de-lorientation-professionelle\\\/\",\"url\":\"https:\\\/\\\/ceric.ca\\\/fr\\\/sondages\\\/sondage-des-specialistes-de-lorientation-professionelle\\\/\",\"name\":\"Sondage des sp\u00e9cialistes de l'orientation professionnelle - CERIC\",\"isPartOf\":{\"@id\":\"https:\\\/\\\/ceric.ca\\\/#website\"},\"datePublished\":\"2014-05-30T17:47:24+00:00\",\"dateModified\":\"2024-09-09T17:48:45+00:00\",\"breadcrumb\":{\"@id\":\"https:\\\/\\\/ceric.ca\\\/fr\\\/sondages\\\/sondage-des-specialistes-de-lorientation-professionelle\\\/#breadcrumb\"},\"inLanguage\":\"fr-FR\",\"potentialAction\":[{\"@type\":\"ReadAction\",\"target\":[\"https:\\\/\\\/ceric.ca\\\/fr\\\/sondages\\\/sondage-des-specialistes-de-lorientation-professionelle\\\/\"]}]},{\"@type\":\"BreadcrumbList\",\"@id\":\"https:\\\/\\\/ceric.ca\\\/fr\\\/sondages\\\/sondage-des-specialistes-de-lorientation-professionelle\\\/#breadcrumb\",\"itemListElement\":[{\"@type\":\"ListItem\",\"position\":1,\"name\":\"Home\",\"item\":\"https:\\\/\\\/ceric.ca\\\/fr\\\/ceric-homepage-2025\\\/\"},{\"@type\":\"ListItem\",\"position\":2,\"name\":\"Sondages\",\"item\":\"https:\\\/\\\/ceric.ca\\\/fr\\\/sondages\\\/\"},{\"@type\":\"ListItem\",\"position\":3,\"name\":\"Sondage des sp\u00e9cialistes de l&#8217;orientation professionnelle\"}]},{\"@type\":\"WebSite\",\"@id\":\"https:\\\/\\\/ceric.ca\\\/#website\",\"url\":\"https:\\\/\\\/ceric.ca\\\/\",\"name\":\"CERIC\",\"description\":\"\",\"publisher\":{\"@id\":\"https:\\\/\\\/ceric.ca\\\/#organization\"},\"potentialAction\":[{\"@type\":\"SearchAction\",\"target\":{\"@type\":\"EntryPoint\",\"urlTemplate\":\"https:\\\/\\\/ceric.ca\\\/?s={search_term_string}\"},\"query-input\":{\"@type\":\"PropertyValueSpecification\",\"valueRequired\":true,\"valueName\":\"search_term_string\"}}],\"inLanguage\":\"fr-FR\"},{\"@type\":\"Organization\",\"@id\":\"https:\\\/\\\/ceric.ca\\\/#organization\",\"name\":\"CERIC\",\"url\":\"https:\\\/\\\/ceric.ca\\\/\",\"logo\":{\"@type\":\"ImageObject\",\"inLanguage\":\"fr-FR\",\"@id\":\"https:\\\/\\\/ceric.ca\\\/#\\\/schema\\\/logo\\\/image\\\/\",\"url\":\"\",\"contentUrl\":\"\",\"caption\":\"CERIC\"},\"image\":{\"@id\":\"https:\\\/\\\/ceric.ca\\\/#\\\/schema\\\/logo\\\/image\\\/\"}}]}<\/script>\n<!-- \/ Yoast SEO Premium plugin. -->","yoast_head_json":{"title":"Sondage des sp\u00e9cialistes de l'orientation professionnelle - CERIC","robots":{"index":"index","follow":"follow","max-snippet":"max-snippet:-1","max-image-preview":"max-image-preview:large","max-video-preview":"max-video-preview:-1"},"canonical":"https:\/\/ceric.ca\/fr\/sondages\/sondage-des-specialistes-de-lorientation-professionelle\/","og_locale":"fr_FR","og_type":"article","og_title":"Sondage des sp\u00e9cialistes de l'orientation professionnelle","og_description":"[vc_row][vc_column][vc_column_text] Le sondage des sp\u00e9cialistes de l&rsquo;orientation professionnelle a \u00e9t\u00e9 men\u00e9 par le CERIC entre le 14 octobre et le 18 novembre 2011. Mille treize (1 [\u2026]","og_url":"https:\/\/ceric.ca\/fr\/sondages\/sondage-des-specialistes-de-lorientation-professionelle\/","og_site_name":"CERIC","article_modified_time":"2024-09-09T17:48:45+00:00","twitter_card":"summary_large_image","twitter_misc":{"Dur\u00e9e de lecture estim\u00e9e":"1 minute"},"schema":{"@context":"https:\/\/schema.org","@graph":[{"@type":"WebPage","@id":"https:\/\/ceric.ca\/fr\/sondages\/sondage-des-specialistes-de-lorientation-professionelle\/","url":"https:\/\/ceric.ca\/fr\/sondages\/sondage-des-specialistes-de-lorientation-professionelle\/","name":"Sondage des sp\u00e9cialistes de l'orientation professionnelle - CERIC","isPartOf":{"@id":"https:\/\/ceric.ca\/#website"},"datePublished":"2014-05-30T17:47:24+00:00","dateModified":"2024-09-09T17:48:45+00:00","breadcrumb":{"@id":"https:\/\/ceric.ca\/fr\/sondages\/sondage-des-specialistes-de-lorientation-professionelle\/#breadcrumb"},"inLanguage":"fr-FR","potentialAction":[{"@type":"ReadAction","target":["https:\/\/ceric.ca\/fr\/sondages\/sondage-des-specialistes-de-lorientation-professionelle\/"]}]},{"@type":"BreadcrumbList","@id":"https:\/\/ceric.ca\/fr\/sondages\/sondage-des-specialistes-de-lorientation-professionelle\/#breadcrumb","itemListElement":[{"@type":"ListItem","position":1,"name":"Home","item":"https:\/\/ceric.ca\/fr\/ceric-homepage-2025\/"},{"@type":"ListItem","position":2,"name":"Sondages","item":"https:\/\/ceric.ca\/fr\/sondages\/"},{"@type":"ListItem","position":3,"name":"Sondage des sp\u00e9cialistes de l&#8217;orientation professionnelle"}]},{"@type":"WebSite","@id":"https:\/\/ceric.ca\/#website","url":"https:\/\/ceric.ca\/","name":"CERIC","description":"","publisher":{"@id":"https:\/\/ceric.ca\/#organization"},"potentialAction":[{"@type":"SearchAction","target":{"@type":"EntryPoint","urlTemplate":"https:\/\/ceric.ca\/?s={search_term_string}"},"query-input":{"@type":"PropertyValueSpecification","valueRequired":true,"valueName":"search_term_string"}}],"inLanguage":"fr-FR"},{"@type":"Organization","@id":"https:\/\/ceric.ca\/#organization","name":"CERIC","url":"https:\/\/ceric.ca\/","logo":{"@type":"ImageObject","inLanguage":"fr-FR","@id":"https:\/\/ceric.ca\/#\/schema\/logo\/image\/","url":"","contentUrl":"","caption":"CERIC"},"image":{"@id":"https:\/\/ceric.ca\/#\/schema\/logo\/image\/"}}]}},"_links":{"self":[{"href":"https:\/\/ceric.ca\/fr\/wp-json\/wp\/v2\/pages\/8150","targetHints":{"allow":["GET"]}}],"collection":[{"href":"https:\/\/ceric.ca\/fr\/wp-json\/wp\/v2\/pages"}],"about":[{"href":"https:\/\/ceric.ca\/fr\/wp-json\/wp\/v2\/types\/page"}],"author":[{"embeddable":true,"href":"https:\/\/ceric.ca\/fr\/wp-json\/wp\/v2\/users\/1"}],"replies":[{"embeddable":true,"href":"https:\/\/ceric.ca\/fr\/wp-json\/wp\/v2\/comments?post=8150"}],"version-history":[{"count":0,"href":"https:\/\/ceric.ca\/fr\/wp-json\/wp\/v2\/pages\/8150\/revisions"}],"up":[{"embeddable":true,"href":"https:\/\/ceric.ca\/fr\/wp-json\/wp\/v2\/pages\/8182"}],"wp:attachment":[{"href":"https:\/\/ceric.ca\/fr\/wp-json\/wp\/v2\/media?parent=8150"}],"curies":[{"name":"wp","href":"https:\/\/api.w.org\/{rel}","templated":true}]}}