{"id":8163,"date":"2014-05-30T18:42:42","date_gmt":"2014-05-30T18:42:42","guid":{"rendered":"http:\/\/ceric.org\/?page_id=8163"},"modified":"2021-04-29T17:44:41","modified_gmt":"2021-04-29T21:44:41","slug":"sondage-en-ligne-sur-les-perceptions-du-public-concernant-le-developpement-de-carriere-et-le-milieu-de-travail","status":"publish","type":"page","link":"https:\/\/ceric.ca\/fr\/sondage-en-ligne-sur-les-perceptions-du-public-concernant-le-developpement-de-carriere-et-le-milieu-de-travail\/","title":{"rendered":"Sondage en ligne sur les perceptions du public concernant le d\u00e9veloppement de carri\u00e8re et le milieu de travail"},"content":{"rendered":"<div class=\"wpb-content-wrapper\"><p>[vc_row][vc_column][vc_column_text]Command\u00e9 par le CERIC, ce sondage men\u00e9 par Environics (2010) porte principalement sur des sujets relatifs au milieu de travail canadien et \u00e0 la fa\u00e7on dont les Canadiens per\u00e7oivent le d\u00e9veloppement de leur propre carri\u00e8re.<\/p>\n<p>Parmi les questions abord\u00e9es, notons les suivantes : Vers quoi se tournent les Canadiens qui recherchent un emploi? Comment les minorit\u00e9s visibles du Canada entrevoient-elles leurs possibilit\u00e9s d\u2019avancement professionnel? Les jeunes Canadiens trouvent-ils que leurs parents les aident en ce qui a trait \u00e0 leur carri\u00e8re? O\u00f9 les professionnels en orientation se situent-ils?<\/p>\n<p>[\/vc_column_text]\r\n\t<div class=\"wprt-spacer clearfix\" data-desktop=\"35\" data-mobi=\"25\" data-smobi=\"0\"><\/div>[vc_column_text]<img decoding=\"async\" style=\"background: url('https:\/\/ceric.ca\/wp-content\/plugins\/wp-file-download\/app\/admin\/assets\/images\/file_download.png') no-repeat scroll center center #D6D6D6; border: 2px dashed #888888; height: 100px; border-radius: 10px; width: 99%;\" src=\"https:\/\/ceric.ca\/wp-content\/plugins\/wp-file-download\/app\/admin\/assets\/images\/t.gif\" data-file=\"45956\" data-wpfdfile=\"45956\" data-category=\"957\" \/>[\/vc_column_text][vc_column_text]<img decoding=\"async\" style=\"background: url('https:\/\/ceric.ca\/wp-content\/plugins\/wp-file-download\/app\/admin\/assets\/images\/file_download.png') no-repeat scroll center center #D6D6D6; border: 2px dashed #888888; height: 100px; border-radius: 10px; width: 99%;\" src=\"https:\/\/ceric.ca\/wp-content\/plugins\/wp-file-download\/app\/admin\/assets\/images\/t.gif\" data-file=\"45957\" data-wpfdfile=\"45957\" data-category=\"957\" \/>[\/vc_column_text][vc_column_text]<\/p>\n<p style=\"text-align: center;\"><iframe style=\"border: 1px solid #CCC; border-width: 1px 1px 0; margin-bottom: 5px; max-width: 100%;\" src=\"http:\/\/www.slideshare.net\/slideshow\/embed_code\/7207878\" width=\"427\" height=\"356\" frameborder=\"0\" marginwidth=\"0\" marginheight=\"0\" scrolling=\"no\" allowfullscreen=\"allowfullscreen\"> <\/iframe><\/p>\n<div style=\"margin-bottom: 5px; text-align: center;\"><\/div>\n<p>[\/vc_column_text][vc_btn title=\u00a0\u00bbPr\u00e9sentation\u00a0\u00bb color=\u00a0\u00bbsandy-brown\u00a0\u00bb size=\u00a0\u00bblg\u00a0\u00bb i_align=\u00a0\u00bbright\u00a0\u00bb i_type=\u00a0\u00bbpixelicons\u00a0\u00bb i_icon_pixelicons=\u00a0\u00bbvc_pixel_icon vc_pixel_icon-document_powerpoint\u00a0\u00bb add_icon=\u00a0\u00bbtrue\u00a0\u00bb link=\u00a0\u00bburl:http%3A%2F%2Fceric.org%2Fwp-content%2Fuploads%2F2012%2F10%2FCERIC-EnvironicsSurveyReport.ppt||target:%20_blank|\u00a0\u00bb]\r\n\t<div class=\"wprt-spacer clearfix\" data-desktop=\"35\" data-mobi=\"25\" data-smobi=\"0\"><\/div>[vc_column_text]<iframe src=\"https:\/\/w.soundcloud.com\/player\/?url=https%3A\/\/api.soundcloud.com\/tracks\/152006605&amp;color=ff5500&amp;auto_play=false&amp;hide_related=false&amp;show_artwork=true&amp;show_comments=true&amp;show_user=true&amp;show_reposts=false\" width=\"100%\" height=\"166\" frameborder=\"no\" scrolling=\"no\"><\/iframe>[\/vc_column_text]\r\n\t<div class=\"wprt-spacer clearfix\" data-desktop=\"35\" data-mobi=\"25\" data-smobi=\"0\"><\/div>[vc_column_text]<img decoding=\"async\" style=\"background: url('https:\/\/ceric.ca\/wp-content\/plugins\/wp-file-download\/app\/admin\/assets\/images\/file_download.png') no-repeat scroll center center #D6D6D6; border: 2px dashed #888888; height: 100px; border-radius: 10px; width: 99%;\" src=\"https:\/\/ceric.ca\/wp-content\/plugins\/wp-file-download\/app\/admin\/assets\/images\/t.gif\" data-file=\"45954\" data-wpfdfile=\"45954\" data-category=\"957\" \/>[\/vc_column_text][vc_column_text]<img decoding=\"async\" style=\"background: url('https:\/\/ceric.ca\/wp-content\/plugins\/wp-file-download\/app\/admin\/assets\/images\/file_download.png') no-repeat scroll center center #D6D6D6; border: 2px dashed #888888; height: 100px; border-radius: 10px; width: 99%;\" src=\"https:\/\/ceric.ca\/wp-content\/plugins\/wp-file-download\/app\/admin\/assets\/images\/t.gif\" data-file=\"45955\" data-wpfdfile=\"45955\" data-category=\"957\" \/>[\/vc_column_text][\/vc_column][\/vc_row]<\/p>\n<\/div>","protected":false},"excerpt":{"rendered":"<p>[vc_row][vc_column][vc_column_text]Command\u00e9 par le CERIC, ce sondage men\u00e9 par Environics (2010) porte principalement sur des sujets relatifs au milieu de travail canadien et \u00e0 la fa\u00e7on dont<span class=\"excerpt-hellip\"> [\u2026]<\/span><\/p>\n","protected":false},"author":1,"featured_media":0,"parent":0,"menu_order":0,"comment_status":"closed","ping_status":"closed","template":"","meta":{"h5ap_radio_sources":[],"footnotes":""},"class_list":["post-8163","page","type-page","status-publish","hentry"],"yoast_head":"<!-- This site is optimized with the Yoast SEO Premium plugin v27.3 (Yoast SEO v27.3) - https:\/\/yoast.com\/product\/yoast-seo-premium-wordpress\/ -->\n<title>Sondage en ligne sur les perceptions du public concernant le d\u00e9veloppement de carri\u00e8re et le milieu de travail - CERIC<\/title>\n<meta name=\"robots\" content=\"index, follow, max-snippet:-1, max-image-preview:large, max-video-preview:-1\" \/>\n<link rel=\"canonical\" href=\"https:\/\/ceric.ca\/fr\/sondage-en-ligne-sur-les-perceptions-du-public-concernant-le-developpement-de-carriere-et-le-milieu-de-travail\/\" \/>\n<meta property=\"og:locale\" content=\"fr_FR\" \/>\n<meta property=\"og:type\" content=\"article\" \/>\n<meta property=\"og:title\" content=\"Sondage en ligne sur les perceptions du public concernant le d\u00e9veloppement de carri\u00e8re et le milieu de travail\" \/>\n<meta property=\"og:description\" content=\"[vc_row][vc_column][vc_column_text]Command\u00e9 par le CERIC, ce sondage men\u00e9 par Environics (2010) porte principalement sur des sujets relatifs au milieu de travail canadien et \u00e0 la fa\u00e7on dont [\u2026]\" \/>\n<meta property=\"og:url\" content=\"https:\/\/ceric.ca\/fr\/sondage-en-ligne-sur-les-perceptions-du-public-concernant-le-developpement-de-carriere-et-le-milieu-de-travail\/\" \/>\n<meta property=\"og:site_name\" content=\"CERIC\" \/>\n<meta property=\"article:modified_time\" content=\"2021-04-29T21:44:41+00:00\" \/>\n<meta property=\"og:image\" content=\"https:\/\/ceric.ca\/wp-content\/plugins\/wp-file-download\/app\/admin\/assets\/images\/t.gif\" \/>\n<meta name=\"twitter:card\" content=\"summary_large_image\" \/>\n<meta name=\"twitter:label1\" content=\"Dur\u00e9e de lecture estim\u00e9e\" \/>\n\t<meta name=\"twitter:data1\" content=\"2 minutes\" \/>\n<script type=\"application\/ld+json\" class=\"yoast-schema-graph\">{\"@context\":\"https:\\\/\\\/schema.org\",\"@graph\":[{\"@type\":\"WebPage\",\"@id\":\"https:\\\/\\\/ceric.ca\\\/fr\\\/sondage-en-ligne-sur-les-perceptions-du-public-concernant-le-developpement-de-carriere-et-le-milieu-de-travail\\\/\",\"url\":\"https:\\\/\\\/ceric.ca\\\/fr\\\/sondage-en-ligne-sur-les-perceptions-du-public-concernant-le-developpement-de-carriere-et-le-milieu-de-travail\\\/\",\"name\":\"Sondage en ligne sur les perceptions du public concernant le d\u00e9veloppement de carri\u00e8re et le milieu de travail - CERIC\",\"isPartOf\":{\"@id\":\"https:\\\/\\\/ceric.ca\\\/#website\"},\"primaryImageOfPage\":{\"@id\":\"https:\\\/\\\/ceric.ca\\\/fr\\\/sondage-en-ligne-sur-les-perceptions-du-public-concernant-le-developpement-de-carriere-et-le-milieu-de-travail\\\/#primaryimage\"},\"image\":{\"@id\":\"https:\\\/\\\/ceric.ca\\\/fr\\\/sondage-en-ligne-sur-les-perceptions-du-public-concernant-le-developpement-de-carriere-et-le-milieu-de-travail\\\/#primaryimage\"},\"thumbnailUrl\":\"https:\\\/\\\/ceric.ca\\\/wp-content\\\/plugins\\\/wp-file-download\\\/app\\\/admin\\\/assets\\\/images\\\/t.gif\",\"datePublished\":\"2014-05-30T18:42:42+00:00\",\"dateModified\":\"2021-04-29T21:44:41+00:00\",\"breadcrumb\":{\"@id\":\"https:\\\/\\\/ceric.ca\\\/fr\\\/sondage-en-ligne-sur-les-perceptions-du-public-concernant-le-developpement-de-carriere-et-le-milieu-de-travail\\\/#breadcrumb\"},\"inLanguage\":\"fr-FR\",\"potentialAction\":[{\"@type\":\"ReadAction\",\"target\":[\"https:\\\/\\\/ceric.ca\\\/fr\\\/sondage-en-ligne-sur-les-perceptions-du-public-concernant-le-developpement-de-carriere-et-le-milieu-de-travail\\\/\"]}]},{\"@type\":\"ImageObject\",\"inLanguage\":\"fr-FR\",\"@id\":\"https:\\\/\\\/ceric.ca\\\/fr\\\/sondage-en-ligne-sur-les-perceptions-du-public-concernant-le-developpement-de-carriere-et-le-milieu-de-travail\\\/#primaryimage\",\"url\":\"https:\\\/\\\/ceric.ca\\\/wp-content\\\/plugins\\\/wp-file-download\\\/app\\\/admin\\\/assets\\\/images\\\/t.gif\",\"contentUrl\":\"https:\\\/\\\/ceric.ca\\\/wp-content\\\/plugins\\\/wp-file-download\\\/app\\\/admin\\\/assets\\\/images\\\/t.gif\"},{\"@type\":\"BreadcrumbList\",\"@id\":\"https:\\\/\\\/ceric.ca\\\/fr\\\/sondage-en-ligne-sur-les-perceptions-du-public-concernant-le-developpement-de-carriere-et-le-milieu-de-travail\\\/#breadcrumb\",\"itemListElement\":[{\"@type\":\"ListItem\",\"position\":1,\"name\":\"Home\",\"item\":\"https:\\\/\\\/ceric.ca\\\/fr\\\/ceric-homepage-2025\\\/\"},{\"@type\":\"ListItem\",\"position\":2,\"name\":\"Sondage en ligne sur les perceptions du public concernant le d\u00e9veloppement de carri\u00e8re et le milieu de travail\"}]},{\"@type\":\"WebSite\",\"@id\":\"https:\\\/\\\/ceric.ca\\\/#website\",\"url\":\"https:\\\/\\\/ceric.ca\\\/\",\"name\":\"CERIC\",\"description\":\"\",\"publisher\":{\"@id\":\"https:\\\/\\\/ceric.ca\\\/#organization\"},\"potentialAction\":[{\"@type\":\"SearchAction\",\"target\":{\"@type\":\"EntryPoint\",\"urlTemplate\":\"https:\\\/\\\/ceric.ca\\\/?s={search_term_string}\"},\"query-input\":{\"@type\":\"PropertyValueSpecification\",\"valueRequired\":true,\"valueName\":\"search_term_string\"}}],\"inLanguage\":\"fr-FR\"},{\"@type\":\"Organization\",\"@id\":\"https:\\\/\\\/ceric.ca\\\/#organization\",\"name\":\"CERIC\",\"url\":\"https:\\\/\\\/ceric.ca\\\/\",\"logo\":{\"@type\":\"ImageObject\",\"inLanguage\":\"fr-FR\",\"@id\":\"https:\\\/\\\/ceric.ca\\\/#\\\/schema\\\/logo\\\/image\\\/\",\"url\":\"\",\"contentUrl\":\"\",\"caption\":\"CERIC\"},\"image\":{\"@id\":\"https:\\\/\\\/ceric.ca\\\/#\\\/schema\\\/logo\\\/image\\\/\"}}]}<\/script>\n<!-- \/ Yoast SEO Premium plugin. -->","yoast_head_json":{"title":"Sondage en ligne sur les perceptions du public concernant le d\u00e9veloppement de carri\u00e8re et le milieu de travail - CERIC","robots":{"index":"index","follow":"follow","max-snippet":"max-snippet:-1","max-image-preview":"max-image-preview:large","max-video-preview":"max-video-preview:-1"},"canonical":"https:\/\/ceric.ca\/fr\/sondage-en-ligne-sur-les-perceptions-du-public-concernant-le-developpement-de-carriere-et-le-milieu-de-travail\/","og_locale":"fr_FR","og_type":"article","og_title":"Sondage en ligne sur les perceptions du public concernant le d\u00e9veloppement de carri\u00e8re et le milieu de travail","og_description":"[vc_row][vc_column][vc_column_text]Command\u00e9 par le CERIC, ce sondage men\u00e9 par Environics (2010) porte principalement sur des sujets relatifs au milieu de travail canadien et \u00e0 la fa\u00e7on dont [\u2026]","og_url":"https:\/\/ceric.ca\/fr\/sondage-en-ligne-sur-les-perceptions-du-public-concernant-le-developpement-de-carriere-et-le-milieu-de-travail\/","og_site_name":"CERIC","article_modified_time":"2021-04-29T21:44:41+00:00","og_image":[{"url":"https:\/\/ceric.ca\/wp-content\/plugins\/wp-file-download\/app\/admin\/assets\/images\/t.gif","type":"","width":"","height":""}],"twitter_card":"summary_large_image","twitter_misc":{"Dur\u00e9e de lecture estim\u00e9e":"2 minutes"},"schema":{"@context":"https:\/\/schema.org","@graph":[{"@type":"WebPage","@id":"https:\/\/ceric.ca\/fr\/sondage-en-ligne-sur-les-perceptions-du-public-concernant-le-developpement-de-carriere-et-le-milieu-de-travail\/","url":"https:\/\/ceric.ca\/fr\/sondage-en-ligne-sur-les-perceptions-du-public-concernant-le-developpement-de-carriere-et-le-milieu-de-travail\/","name":"Sondage en ligne sur les perceptions du public concernant le d\u00e9veloppement de carri\u00e8re et le milieu de travail - CERIC","isPartOf":{"@id":"https:\/\/ceric.ca\/#website"},"primaryImageOfPage":{"@id":"https:\/\/ceric.ca\/fr\/sondage-en-ligne-sur-les-perceptions-du-public-concernant-le-developpement-de-carriere-et-le-milieu-de-travail\/#primaryimage"},"image":{"@id":"https:\/\/ceric.ca\/fr\/sondage-en-ligne-sur-les-perceptions-du-public-concernant-le-developpement-de-carriere-et-le-milieu-de-travail\/#primaryimage"},"thumbnailUrl":"https:\/\/ceric.ca\/wp-content\/plugins\/wp-file-download\/app\/admin\/assets\/images\/t.gif","datePublished":"2014-05-30T18:42:42+00:00","dateModified":"2021-04-29T21:44:41+00:00","breadcrumb":{"@id":"https:\/\/ceric.ca\/fr\/sondage-en-ligne-sur-les-perceptions-du-public-concernant-le-developpement-de-carriere-et-le-milieu-de-travail\/#breadcrumb"},"inLanguage":"fr-FR","potentialAction":[{"@type":"ReadAction","target":["https:\/\/ceric.ca\/fr\/sondage-en-ligne-sur-les-perceptions-du-public-concernant-le-developpement-de-carriere-et-le-milieu-de-travail\/"]}]},{"@type":"ImageObject","inLanguage":"fr-FR","@id":"https:\/\/ceric.ca\/fr\/sondage-en-ligne-sur-les-perceptions-du-public-concernant-le-developpement-de-carriere-et-le-milieu-de-travail\/#primaryimage","url":"https:\/\/ceric.ca\/wp-content\/plugins\/wp-file-download\/app\/admin\/assets\/images\/t.gif","contentUrl":"https:\/\/ceric.ca\/wp-content\/plugins\/wp-file-download\/app\/admin\/assets\/images\/t.gif"},{"@type":"BreadcrumbList","@id":"https:\/\/ceric.ca\/fr\/sondage-en-ligne-sur-les-perceptions-du-public-concernant-le-developpement-de-carriere-et-le-milieu-de-travail\/#breadcrumb","itemListElement":[{"@type":"ListItem","position":1,"name":"Home","item":"https:\/\/ceric.ca\/fr\/ceric-homepage-2025\/"},{"@type":"ListItem","position":2,"name":"Sondage en ligne sur les perceptions du public concernant le d\u00e9veloppement de carri\u00e8re et le milieu de travail"}]},{"@type":"WebSite","@id":"https:\/\/ceric.ca\/#website","url":"https:\/\/ceric.ca\/","name":"CERIC","description":"","publisher":{"@id":"https:\/\/ceric.ca\/#organization"},"potentialAction":[{"@type":"SearchAction","target":{"@type":"EntryPoint","urlTemplate":"https:\/\/ceric.ca\/?s={search_term_string}"},"query-input":{"@type":"PropertyValueSpecification","valueRequired":true,"valueName":"search_term_string"}}],"inLanguage":"fr-FR"},{"@type":"Organization","@id":"https:\/\/ceric.ca\/#organization","name":"CERIC","url":"https:\/\/ceric.ca\/","logo":{"@type":"ImageObject","inLanguage":"fr-FR","@id":"https:\/\/ceric.ca\/#\/schema\/logo\/image\/","url":"","contentUrl":"","caption":"CERIC"},"image":{"@id":"https:\/\/ceric.ca\/#\/schema\/logo\/image\/"}}]}},"_links":{"self":[{"href":"https:\/\/ceric.ca\/fr\/wp-json\/wp\/v2\/pages\/8163","targetHints":{"allow":["GET"]}}],"collection":[{"href":"https:\/\/ceric.ca\/fr\/wp-json\/wp\/v2\/pages"}],"about":[{"href":"https:\/\/ceric.ca\/fr\/wp-json\/wp\/v2\/types\/page"}],"author":[{"embeddable":true,"href":"https:\/\/ceric.ca\/fr\/wp-json\/wp\/v2\/users\/1"}],"replies":[{"embeddable":true,"href":"https:\/\/ceric.ca\/fr\/wp-json\/wp\/v2\/comments?post=8163"}],"version-history":[{"count":0,"href":"https:\/\/ceric.ca\/fr\/wp-json\/wp\/v2\/pages\/8163\/revisions"}],"wp:attachment":[{"href":"https:\/\/ceric.ca\/fr\/wp-json\/wp\/v2\/media?parent=8163"}],"curies":[{"name":"wp","href":"https:\/\/api.w.org\/{rel}","templated":true}]}}