{"id":8182,"date":"2014-05-30T19:11:52","date_gmt":"2014-05-30T19:11:52","guid":{"rendered":"http:\/\/ceric.org\/?page_id=8182"},"modified":"2025-04-22T14:35:40","modified_gmt":"2025-04-22T18:35:40","slug":"sondages","status":"publish","type":"page","link":"https:\/\/ceric.ca\/fr\/sondages\/","title":{"rendered":"Sondages"},"content":{"rendered":"<div class=\"wpb-content-wrapper\"><p>[vc_row row_type=\u00a0\u00bbrow\u00a0\u00bb type=\u00a0\u00bbgrid\u00a0\u00bb text_align=\u00a0\u00bbleft\u00a0\u00bb background_image=\u00a0\u00bb\u00a0\u00bb background_image_as_pattern=\u00a0\u00bbwithout_pattern\u00a0\u00bb section_height=\u00a0\u00bb\u00a0\u00bb parallax_speed=\u00a0\u00bb\u00a0\u00bb background_color=\u00a0\u00bb\u00a0\u00bb border_color=\u00a0\u00bb\u00a0\u00bb side_padding=\u00a0\u00bb\u00a0\u00bb padding_top=\u00a0\u00bb40&Prime; padding_bottom=\u00a0\u00bb40&Prime; color=\u00a0\u00bb\u00a0\u00bb hover_color=\u00a0\u00bb\u00a0\u00bb more_button_label=\u00a0\u00bb\u00a0\u00bb less_button_label=\u00a0\u00bb\u00a0\u00bb button_position=\u00a0\u00bb\u00a0\u00bb][vc_column width=\u00a0\u00bb1\/3&Prime;]\r\n\t<div class=\"wprt-spacer clearfix\" data-desktop=\"30\" data-mobi=\"0\" data-smobi=\"0\"><\/div>[vc_single_image image=\u00a0\u00bb68137&Prime; img_size=\u00a0\u00bb150&#215;200&Prime; alignment=\u00a0\u00bbcenter\u00a0\u00bb css=\u00a0\u00bb\u00a0\u00bb][vc_column_text css=\u00a0\u00bb\u00a0\u00bb]<\/p>\n<h4><a href=\"https:\/\/ceric.ca\/fr\/sondages\/sondage-de-2024-aupres-des-specialistes-en-developpement-de-carriere\/\">Sondage de 2024 aupr\u00e8s des sp\u00e9cialistes en d\u00e9veloppement de carri\u00e8re<\/a><\/h4>\n<p>[\/vc_column_text][\/vc_column][vc_column width=\u00a0\u00bb1\/3&Prime;]\r\n\t<div class=\"wprt-spacer clearfix\" data-desktop=\"30\" data-mobi=\"0\" data-smobi=\"0\"><\/div>[vc_single_image image=\u00a0\u00bb56049&Prime; img_size=\u00a0\u00bb150&#215;140&Prime; alignment=\u00a0\u00bbcenter\u00a0\u00bb][vc_column_text]<\/p>\n<h4 class=\"featured-title-heading \"><a href=\"https:\/\/ceric.ca\/fr\/sondages\/sondage-sur-le-contenu-et-lapprentissage-aupres-des-professionnels-en-developpement-de-carriere\/\">Sondage sur le contenu et l&rsquo;apprentissage aupr\u00e8s des professionnels en d\u00e9veloppement de carri\u00e8re<\/a><\/h4>\n<p>[\/vc_column_text][\/vc_column][vc_column width=\u00a0\u00bb1\/3&Prime;]\r\n\t<div class=\"wprt-spacer clearfix\" data-desktop=\"30\" data-mobi=\"0\" data-smobi=\"0\"><\/div>[vc_single_image image=\u00a0\u00bb52597&Prime; img_size=\u00a0\u00bb150&#215;140&Prime; alignment=\u00a0\u00bbcenter\u00a0\u00bb][vc_column_text]<\/p>\n<h4 class=\"featured-title-heading \"><a href=\"https:\/\/ceric.ca\/fr\/sondages\/le-developpement-de-carriere-en-milieu-de-travail-sondage-des-entreprises-canadiennes-2021\/\">Le d\u00e9veloppement de carri\u00e8re en milieu de travail : Sondage des entreprises canadiennes (2021)<\/a><\/h4>\n<h4><\/h4>\n<p>[\/vc_column_text]\r\n\t<div class=\"wprt-spacer clearfix\" data-desktop=\"10\" data-mobi=\"0\" data-smobi=\"0\"><\/div>[\/vc_column][\/vc_row][vc_row][vc_column]\r\n\t<div class=\"wprt-spacer clearfix\" data-desktop=\"20\" data-mobi=\"0\" data-smobi=\"0\"><\/div>[\/vc_column][\/vc_row][vc_row row_type=\u00a0\u00bbrow\u00a0\u00bb type=\u00a0\u00bbgrid\u00a0\u00bb text_align=\u00a0\u00bbleft\u00a0\u00bb background_image=\u00a0\u00bb\u00a0\u00bb background_image_as_pattern=\u00a0\u00bbwithout_pattern\u00a0\u00bb section_height=\u00a0\u00bb\u00a0\u00bb parallax_speed=\u00a0\u00bb\u00a0\u00bb background_color=\u00a0\u00bb\u00a0\u00bb border_color=\u00a0\u00bb\u00a0\u00bb side_padding=\u00a0\u00bb\u00a0\u00bb padding_top=\u00a0\u00bb40&Prime; padding_bottom=\u00a0\u00bb40&Prime; color=\u00a0\u00bb\u00a0\u00bb hover_color=\u00a0\u00bb\u00a0\u00bb more_button_label=\u00a0\u00bb\u00a0\u00bb less_button_label=\u00a0\u00bb\u00a0\u00bb button_position=\u00a0\u00bb\u00a0\u00bb][vc_column width=\u00a0\u00bb1\/3&Prime;]\r\n\t<div class=\"wprt-spacer clearfix\" data-desktop=\"10\" data-mobi=\"0\" data-smobi=\"0\"><\/div>[vc_column_text]<img decoding=\"async\" class=\"wp-image-39609 size-medium aligncenter\" src=\"https:\/\/ceric.ca\/wp-content\/uploads\/2020\/06\/Screen-Shot-2020-06-16-at-14.17.15-300x93.png\" alt=\"\" width=\"300\" height=\"93\" srcset=\"https:\/\/ceric.ca\/wp-content\/uploads\/2020\/06\/Screen-Shot-2020-06-16-at-14.17.15-300x93.png 300w, https:\/\/ceric.ca\/wp-content\/uploads\/2020\/06\/Screen-Shot-2020-06-16-at-14.17.15-768x238.png 768w, https:\/\/ceric.ca\/wp-content\/uploads\/2020\/06\/Screen-Shot-2020-06-16-at-14.17.15-600x186.png 600w, https:\/\/ceric.ca\/wp-content\/uploads\/2020\/06\/Screen-Shot-2020-06-16-at-14.17.15-480x149.png 480w, https:\/\/ceric.ca\/wp-content\/uploads\/2020\/06\/Screen-Shot-2020-06-16-at-14.17.15.png 800w\" sizes=\"(max-width:767px) 300px, 300px\" \/>[\/vc_column_text][vc_column_text]<\/p>\n<h4><a href=\"https:\/\/ceric.ca\/fr\/sondage-eclair-du-ceric-concernant-la-reprise-des-services-dorientation-professionnelle-et-de-la-gestion-de-carriere\/\">Sondage \u00e9clair du CERIC concernant la reprise des services d\u2019orientation professionnelle et de la gestion de carri\u00e8re<\/a><\/h4>\n<p>[\/vc_column_text][\/vc_column][vc_column width=\u00a0\u00bb1\/3&Prime;][vc_column_text]<img decoding=\"async\" class=\"wp-image-36653 size-full aligncenter\" src=\"https:\/\/ceric.ca\/wp-content\/uploads\/2020\/01\/Untitled-3.png\" alt=\"\" width=\"113\" height=\"166\" \/>[\/vc_column_text][vc_column_text]<\/p>\n<h4 class=\"featured-title-heading \"><a href=\"https:\/\/ceric.ca\/fr\/sondage-de-2019-aupres-des-specialistes-en-developpement-de-carriere\/\">Sondage de 2019 aupr\u00e8s des sp\u00e9cialistes en d\u00e9veloppement de carri\u00e8re<\/a><\/h4>\n<h4><\/h4>\n<p>[\/vc_column_text][\/vc_column][vc_column width=\u00a0\u00bb1\/3&Prime;][vc_column_text]<img decoding=\"async\" class=\"aligncenter wp-image-16421 size-full\" src=\"http:\/\/ceric.ca\/wp-content\/uploads\/2014\/05\/Survey-of-Career-Service-Professionals-2015-FR_cover-highlights.png\" alt=\"\" width=\"113\" height=\"166\" srcset=\"https:\/\/ceric.ca\/wp-content\/uploads\/2014\/05\/Survey-of-Career-Service-Professionals-2015-FR_cover-highlights.png 113w, https:\/\/ceric.ca\/wp-content\/uploads\/2014\/05\/Survey-of-Career-Service-Professionals-2015-FR_cover-highlights-73x107.png 73w\" sizes=\"(max-width:767px) 113px, 113px\" \/>[\/vc_column_text][vc_column_text]<\/p>\n<h4><a href=\"http:\/\/ceric.ca\/fr\/2015-sondage-des-specialistes-de-lorientation-professionnelle\/\">2015 Sondage des sp\u00e9cialistes de l&rsquo;orientation professionnelle<\/a><\/h4>\n<p>[\/vc_column_text]\r\n\t<div class=\"wprt-spacer clearfix\" data-desktop=\"10\" data-mobi=\"0\" data-smobi=\"0\"><\/div>[\/vc_column][\/vc_row][vc_row][vc_column]\r\n\t<div class=\"wprt-spacer clearfix\" data-desktop=\"20\" data-mobi=\"0\" data-smobi=\"0\"><\/div>[\/vc_column][\/vc_row][vc_row][vc_column]\r\n\t<div class=\"wprt-spacer clearfix\" data-desktop=\"20\" data-mobi=\"0\" data-smobi=\"0\"><\/div>[\/vc_column][\/vc_row][vc_row row_type=\u00a0\u00bbrow\u00a0\u00bb type=\u00a0\u00bbgrid\u00a0\u00bb text_align=\u00a0\u00bbleft\u00a0\u00bb background_image=\u00a0\u00bb\u00a0\u00bb background_image_as_pattern=\u00a0\u00bbwithout_pattern\u00a0\u00bb section_height=\u00a0\u00bb\u00a0\u00bb parallax_speed=\u00a0\u00bb\u00a0\u00bb background_color=\u00a0\u00bb\u00a0\u00bb border_color=\u00a0\u00bb\u00a0\u00bb side_padding=\u00a0\u00bb\u00a0\u00bb padding_top=\u00a0\u00bb40&Prime; padding_bottom=\u00a0\u00bb40&Prime; color=\u00a0\u00bb\u00a0\u00bb hover_color=\u00a0\u00bb\u00a0\u00bb more_button_label=\u00a0\u00bb\u00a0\u00bb less_button_label=\u00a0\u00bb\u00a0\u00bb button_position=\u00a0\u00bb\u00a0\u00bb][vc_column width=\u00a0\u00bb1\/3&Prime;]\r\n\t<div class=\"wprt-spacer clearfix\" data-desktop=\"10\" data-mobi=\"0\" data-smobi=\"0\"><\/div>[vc_column_text]<a href=\"http:\/\/ceric.org\/?p=13957\"><img loading=\"lazy\" decoding=\"async\" class=\"aligncenter wp-image-13948 size-full\" src=\"http:\/\/ceric.org\/wp-content\/uploads\/2014\/05\/Untitled-1.png\" alt=\"Untitled-1\" width=\"200\" height=\"161\" srcset=\"https:\/\/ceric.ca\/wp-content\/uploads\/2014\/05\/Untitled-1.png 200w, https:\/\/ceric.ca\/wp-content\/uploads\/2014\/05\/Untitled-1-133x107.png 133w\" sizes=\"(max-width:767px) 200px, 200px\" \/><\/a>[\/vc_column_text][vc_column_text]<\/p>\n<h4 class=\"with-tabs\"><a href=\"http:\/\/ceric.org\/fr\/sondage-national-sur-lacces-aux-services-demploi-et-dorientation-professionnelle\/\">Sondage national sur l\u2019acc\u00e8s aux services d\u2019emploi et d&rsquo;orientation professionnelle<\/a><\/h4>\n<p>[\/vc_column_text][\/vc_column][vc_column width=\u00a0\u00bb1\/3&Prime;]\r\n\t<div class=\"wprt-spacer clearfix\" data-desktop=\"10\" data-mobi=\"0\" data-smobi=\"0\"><\/div>[vc_column_text]<a title=\"Le d\u00e9veloppement de carri\u00e8re en milieu de travail : sondage des entreprises canadiennes\" href=\"\/?page_id=8102\"><img loading=\"lazy\" decoding=\"async\" class=\"aligncenter size-full wp-image-8183\" src=\"\/wp-content\/uploads\/2012\/10\/environics-french.png\" alt=\"environics-french\" width=\"113\" height=\"166\" srcset=\"https:\/\/ceric.ca\/wp-content\/uploads\/2012\/10\/environics-french.png 113w, https:\/\/ceric.ca\/wp-content\/uploads\/2012\/10\/environics-french-73x107.png 73w\" sizes=\"(max-width:767px) 113px, 113px\" \/><\/a>[\/vc_column_text][vc_column_text]<\/p>\n<h4><a title=\"Le d\u00e9veloppement de carri\u00e8re en milieu de travail : sondage des entreprises canadiennes\" href=\"\/?page_id=8102\">Le d\u00e9veloppement de carri\u00e8re en milieu de travail : sondage des entreprises canadiennes (2013)<\/a><\/h4>\n<p>[\/vc_column_text][\/vc_column][vc_column width=\u00a0\u00bb1\/3&Prime;]\r\n\t<div class=\"wprt-spacer clearfix\" data-desktop=\"10\" data-mobi=\"0\" data-smobi=\"0\"><\/div>[vc_column_text]<a title=\"Sondage des sp\u00e9cialistes de l\u2019orientation professionelle\" href=\"\/?page_id=8150\"><img loading=\"lazy\" decoding=\"async\" class=\"aligncenter size-full wp-image-8177\" src=\"\/wp-content\/uploads\/2012\/10\/survey-minicover.png\" alt=\"survey-minicover\" width=\"113\" height=\"166\" srcset=\"https:\/\/ceric.ca\/wp-content\/uploads\/2012\/10\/survey-minicover.png 113w, https:\/\/ceric.ca\/wp-content\/uploads\/2012\/10\/survey-minicover-73x107.png 73w\" sizes=\"(max-width:767px) 113px, 113px\" \/><\/a>[\/vc_column_text][vc_column_text]<\/p>\n<h4><a href=\"http:\/\/ceric.org\/fr\/sondage-des-specialistes-de-lorientation-professionelle\/\">2011 Sondage des sp\u00e9cialistes de l&rsquo;orientation professionnelle<\/a><\/h4>\n<p>[\/vc_column_text][vc_column_text]<\/p>\n<h4 class=\"with-tabs\"><a href=\"http:\/\/ceric.org\/fr\/sondage-national-sur-lacces-aux-services-demploi-et-dorientation-professionnelle\/\">Sondage national sur l\u2019acc\u00e8s aux services d\u2019emploi et d&rsquo;orientation professionnelle<\/a><\/h4>\n<p>[\/vc_column_text][\/vc_column][\/vc_row][vc_row row_type=\u00a0\u00bbrow\u00a0\u00bb type=\u00a0\u00bbgrid\u00a0\u00bb text_align=\u00a0\u00bbleft\u00a0\u00bb background_image=\u00a0\u00bb\u00a0\u00bb background_image_as_pattern=\u00a0\u00bbwithout_pattern\u00a0\u00bb section_height=\u00a0\u00bb\u00a0\u00bb parallax_speed=\u00a0\u00bb\u00a0\u00bb background_color=\u00a0\u00bb\u00a0\u00bb border_color=\u00a0\u00bb\u00a0\u00bb side_padding=\u00a0\u00bb\u00a0\u00bb padding_top=\u00a0\u00bb40&Prime; padding_bottom=\u00a0\u00bb40&Prime; color=\u00a0\u00bb\u00a0\u00bb hover_color=\u00a0\u00bb\u00a0\u00bb more_button_label=\u00a0\u00bb\u00a0\u00bb less_button_label=\u00a0\u00bb\u00a0\u00bb button_position=\u00a0\u00bb\u00a0\u00bb][vc_column width=\u00a0\u00bb1\/3&Prime;]\r\n\t<div class=\"wprt-spacer clearfix\" data-desktop=\"10\" data-mobi=\"0\" data-smobi=\"0\"><\/div>[\/vc_column][vc_column width=\u00a0\u00bb1\/3&Prime;][vc_column_text]<a title=\"Sondage en ligne sur les perceptions du public concernant le d\u00e9veloppement de carri\u00e8re et le milieu de travail\" href=\"\/?page_id=8163\"><img loading=\"lazy\" decoding=\"async\" class=\"aligncenter size-full wp-image-8178\" src=\"\/wp-content\/uploads\/2012\/10\/environicssurvey-minicover.png\" alt=\"environicssurvey-minicover\" width=\"113\" height=\"166\" srcset=\"https:\/\/ceric.ca\/wp-content\/uploads\/2012\/10\/environicssurvey-minicover.png 113w, https:\/\/ceric.ca\/wp-content\/uploads\/2012\/10\/environicssurvey-minicover-73x107.png 73w\" sizes=\"(max-width:767px) 113px, 113px\" \/><\/a>[\/vc_column_text][vc_column_text]<\/p>\n<h4><a title=\"Sondage en ligne sur les perceptions du public concernant le d\u00e9veloppement de carri\u00e8re et le milieu de travail\" href=\"\/?page_id=8163\">Sondage en ligne sur les perceptions du public concernant le d\u00e9veloppement de carri\u00e8re et le milieu de travail<\/a><\/h4>\n<p>[\/vc_column_text]\r\n\t<div class=\"wprt-spacer clearfix\" data-desktop=\"10\" data-mobi=\"0\" data-smobi=\"0\"><\/div>[\/vc_column][vc_column width=\u00a0\u00bb1\/3&Prime;]\r\n\t<div class=\"wprt-spacer clearfix\" data-desktop=\"10\" data-mobi=\"0\" data-smobi=\"0\"><\/div>[\/vc_column][\/vc_row]<\/p>\n<\/div>","protected":false},"excerpt":{"rendered":"<p>[vc_row row_type=\u00a0\u00bbrow\u00a0\u00bb type=\u00a0\u00bbgrid\u00a0\u00bb text_align=\u00a0\u00bbleft\u00a0\u00bb background_image=\u00a0\u00bb\u00a0\u00bb background_image_as_pattern=\u00a0\u00bbwithout_pattern\u00a0\u00bb section_height=\u00a0\u00bb\u00a0\u00bb parallax_speed=\u00a0\u00bb\u00a0\u00bb background_color=\u00a0\u00bb\u00a0\u00bb border_color=\u00a0\u00bb\u00a0\u00bb side_padding=\u00a0\u00bb\u00a0\u00bb padding_top=\u00a0\u00bb40&Prime; padding_bottom=\u00a0\u00bb40&Prime; color=\u00a0\u00bb\u00a0\u00bb hover_color=\u00a0\u00bb\u00a0\u00bb more_button_label=\u00a0\u00bb\u00a0\u00bb less_button_label=\u00a0\u00bb\u00a0\u00bb button_position=\u00a0\u00bb\u00a0\u00bb][vc_column width=\u00a0\u00bb1\/3&Prime;][vc_single_image image=\u00a0\u00bb68137&Prime; img_size=\u00a0\u00bb150&#215;200&Prime; alignment=\u00a0\u00bbcenter\u00a0\u00bb css=\u00a0\u00bb\u00a0\u00bb][vc_column_text css=\u00a0\u00bb\u00a0\u00bb] Sondage de<span class=\"excerpt-hellip\"> [\u2026]<\/span><\/p>\n","protected":false},"author":1,"featured_media":0,"parent":0,"menu_order":0,"comment_status":"closed","ping_status":"closed","template":"","meta":{"h5ap_radio_sources":[],"footnotes":""},"class_list":["post-8182","page","type-page","status-publish","hentry"],"yoast_head":"<!-- This site is optimized with the Yoast SEO Premium plugin v27.3 (Yoast SEO v27.3) - https:\/\/yoast.com\/product\/yoast-seo-premium-wordpress\/ -->\n<title>Sondages - CERIC<\/title>\n<meta name=\"robots\" content=\"index, follow, max-snippet:-1, max-image-preview:large, max-video-preview:-1\" \/>\n<link rel=\"canonical\" href=\"https:\/\/ceric.ca\/fr\/sondages\/\" \/>\n<meta property=\"og:locale\" content=\"fr_FR\" \/>\n<meta property=\"og:type\" content=\"article\" \/>\n<meta property=\"og:title\" content=\"Sondages\" \/>\n<meta property=\"og:description\" content=\"[vc_row row_type=\u00a0\u00bbrow\u00a0\u00bb type=\u00a0\u00bbgrid\u00a0\u00bb text_align=\u00a0\u00bbleft\u00a0\u00bb background_image=\u00a0\u00bb\u00a0\u00bb background_image_as_pattern=\u00a0\u00bbwithout_pattern\u00a0\u00bb section_height=\u00a0\u00bb\u00a0\u00bb parallax_speed=\u00a0\u00bb\u00a0\u00bb background_color=\u00a0\u00bb\u00a0\u00bb border_color=\u00a0\u00bb\u00a0\u00bb side_padding=\u00a0\u00bb\u00a0\u00bb padding_top=\u00a0\u00bb40&Prime; padding_bottom=\u00a0\u00bb40&Prime; color=\u00a0\u00bb\u00a0\u00bb hover_color=\u00a0\u00bb\u00a0\u00bb more_button_label=\u00a0\u00bb\u00a0\u00bb less_button_label=\u00a0\u00bb\u00a0\u00bb button_position=\u00a0\u00bb\u00a0\u00bb][vc_column width=\u00a0\u00bb1\/3&Prime;][vc_single_image image=\u00a0\u00bb68137&Prime; img_size=\u00a0\u00bb150&#215;200&Prime; alignment=\u00a0\u00bbcenter\u00a0\u00bb css=\u00a0\u00bb\u00a0\u00bb][vc_column_text css=\u00a0\u00bb\u00a0\u00bb] Sondage de [\u2026]\" \/>\n<meta property=\"og:url\" content=\"https:\/\/ceric.ca\/fr\/sondages\/\" \/>\n<meta property=\"og:site_name\" content=\"CERIC\" \/>\n<meta property=\"article:modified_time\" content=\"2025-04-22T18:35:40+00:00\" \/>\n<meta property=\"og:image\" content=\"https:\/\/ceric.ca\/wp-content\/uploads\/2020\/06\/Screen-Shot-2020-06-16-at-14.17.15-300x93.png\" \/>\n<meta name=\"twitter:card\" content=\"summary_large_image\" \/>\n<meta name=\"twitter:label1\" content=\"Dur\u00e9e de lecture estim\u00e9e\" \/>\n\t<meta name=\"twitter:data1\" content=\"4 minutes\" \/>\n<script type=\"application\/ld+json\" class=\"yoast-schema-graph\">{\"@context\":\"https:\\\/\\\/schema.org\",\"@graph\":[{\"@type\":\"WebPage\",\"@id\":\"https:\\\/\\\/ceric.ca\\\/fr\\\/sondages\\\/\",\"url\":\"https:\\\/\\\/ceric.ca\\\/fr\\\/sondages\\\/\",\"name\":\"Sondages - CERIC\",\"isPartOf\":{\"@id\":\"https:\\\/\\\/ceric.ca\\\/#website\"},\"primaryImageOfPage\":{\"@id\":\"https:\\\/\\\/ceric.ca\\\/fr\\\/sondages\\\/#primaryimage\"},\"image\":{\"@id\":\"https:\\\/\\\/ceric.ca\\\/fr\\\/sondages\\\/#primaryimage\"},\"thumbnailUrl\":\"https:\\\/\\\/ceric.ca\\\/wp-content\\\/uploads\\\/2020\\\/06\\\/Screen-Shot-2020-06-16-at-14.17.15-300x93.png\",\"datePublished\":\"2014-05-30T19:11:52+00:00\",\"dateModified\":\"2025-04-22T18:35:40+00:00\",\"breadcrumb\":{\"@id\":\"https:\\\/\\\/ceric.ca\\\/fr\\\/sondages\\\/#breadcrumb\"},\"inLanguage\":\"fr-FR\",\"potentialAction\":[{\"@type\":\"ReadAction\",\"target\":[\"https:\\\/\\\/ceric.ca\\\/fr\\\/sondages\\\/\"]}]},{\"@type\":\"ImageObject\",\"inLanguage\":\"fr-FR\",\"@id\":\"https:\\\/\\\/ceric.ca\\\/fr\\\/sondages\\\/#primaryimage\",\"url\":\"https:\\\/\\\/ceric.ca\\\/wp-content\\\/uploads\\\/2020\\\/06\\\/Screen-Shot-2020-06-16-at-14.17.15-300x93.png\",\"contentUrl\":\"https:\\\/\\\/ceric.ca\\\/wp-content\\\/uploads\\\/2020\\\/06\\\/Screen-Shot-2020-06-16-at-14.17.15-300x93.png\"},{\"@type\":\"BreadcrumbList\",\"@id\":\"https:\\\/\\\/ceric.ca\\\/fr\\\/sondages\\\/#breadcrumb\",\"itemListElement\":[{\"@type\":\"ListItem\",\"position\":1,\"name\":\"Home\",\"item\":\"https:\\\/\\\/ceric.ca\\\/fr\\\/ceric-homepage-2025\\\/\"},{\"@type\":\"ListItem\",\"position\":2,\"name\":\"Sondages\"}]},{\"@type\":\"WebSite\",\"@id\":\"https:\\\/\\\/ceric.ca\\\/#website\",\"url\":\"https:\\\/\\\/ceric.ca\\\/\",\"name\":\"CERIC\",\"description\":\"\",\"publisher\":{\"@id\":\"https:\\\/\\\/ceric.ca\\\/#organization\"},\"potentialAction\":[{\"@type\":\"SearchAction\",\"target\":{\"@type\":\"EntryPoint\",\"urlTemplate\":\"https:\\\/\\\/ceric.ca\\\/?s={search_term_string}\"},\"query-input\":{\"@type\":\"PropertyValueSpecification\",\"valueRequired\":true,\"valueName\":\"search_term_string\"}}],\"inLanguage\":\"fr-FR\"},{\"@type\":\"Organization\",\"@id\":\"https:\\\/\\\/ceric.ca\\\/#organization\",\"name\":\"CERIC\",\"url\":\"https:\\\/\\\/ceric.ca\\\/\",\"logo\":{\"@type\":\"ImageObject\",\"inLanguage\":\"fr-FR\",\"@id\":\"https:\\\/\\\/ceric.ca\\\/#\\\/schema\\\/logo\\\/image\\\/\",\"url\":\"\",\"contentUrl\":\"\",\"caption\":\"CERIC\"},\"image\":{\"@id\":\"https:\\\/\\\/ceric.ca\\\/#\\\/schema\\\/logo\\\/image\\\/\"}}]}<\/script>\n<!-- \/ Yoast SEO Premium plugin. -->","yoast_head_json":{"title":"Sondages - CERIC","robots":{"index":"index","follow":"follow","max-snippet":"max-snippet:-1","max-image-preview":"max-image-preview:large","max-video-preview":"max-video-preview:-1"},"canonical":"https:\/\/ceric.ca\/fr\/sondages\/","og_locale":"fr_FR","og_type":"article","og_title":"Sondages","og_description":"[vc_row row_type=\u00a0\u00bbrow\u00a0\u00bb type=\u00a0\u00bbgrid\u00a0\u00bb text_align=\u00a0\u00bbleft\u00a0\u00bb background_image=\u00a0\u00bb\u00a0\u00bb background_image_as_pattern=\u00a0\u00bbwithout_pattern\u00a0\u00bb section_height=\u00a0\u00bb\u00a0\u00bb parallax_speed=\u00a0\u00bb\u00a0\u00bb background_color=\u00a0\u00bb\u00a0\u00bb border_color=\u00a0\u00bb\u00a0\u00bb side_padding=\u00a0\u00bb\u00a0\u00bb padding_top=\u00a0\u00bb40&Prime; padding_bottom=\u00a0\u00bb40&Prime; color=\u00a0\u00bb\u00a0\u00bb hover_color=\u00a0\u00bb\u00a0\u00bb more_button_label=\u00a0\u00bb\u00a0\u00bb less_button_label=\u00a0\u00bb\u00a0\u00bb button_position=\u00a0\u00bb\u00a0\u00bb][vc_column width=\u00a0\u00bb1\/3&Prime;][vc_single_image image=\u00a0\u00bb68137&Prime; img_size=\u00a0\u00bb150&#215;200&Prime; alignment=\u00a0\u00bbcenter\u00a0\u00bb css=\u00a0\u00bb\u00a0\u00bb][vc_column_text css=\u00a0\u00bb\u00a0\u00bb] Sondage de [\u2026]","og_url":"https:\/\/ceric.ca\/fr\/sondages\/","og_site_name":"CERIC","article_modified_time":"2025-04-22T18:35:40+00:00","og_image":[{"url":"https:\/\/ceric.ca\/wp-content\/uploads\/2020\/06\/Screen-Shot-2020-06-16-at-14.17.15-300x93.png","type":"","width":"","height":""}],"twitter_card":"summary_large_image","twitter_misc":{"Dur\u00e9e de lecture estim\u00e9e":"4 minutes"},"schema":{"@context":"https:\/\/schema.org","@graph":[{"@type":"WebPage","@id":"https:\/\/ceric.ca\/fr\/sondages\/","url":"https:\/\/ceric.ca\/fr\/sondages\/","name":"Sondages - CERIC","isPartOf":{"@id":"https:\/\/ceric.ca\/#website"},"primaryImageOfPage":{"@id":"https:\/\/ceric.ca\/fr\/sondages\/#primaryimage"},"image":{"@id":"https:\/\/ceric.ca\/fr\/sondages\/#primaryimage"},"thumbnailUrl":"https:\/\/ceric.ca\/wp-content\/uploads\/2020\/06\/Screen-Shot-2020-06-16-at-14.17.15-300x93.png","datePublished":"2014-05-30T19:11:52+00:00","dateModified":"2025-04-22T18:35:40+00:00","breadcrumb":{"@id":"https:\/\/ceric.ca\/fr\/sondages\/#breadcrumb"},"inLanguage":"fr-FR","potentialAction":[{"@type":"ReadAction","target":["https:\/\/ceric.ca\/fr\/sondages\/"]}]},{"@type":"ImageObject","inLanguage":"fr-FR","@id":"https:\/\/ceric.ca\/fr\/sondages\/#primaryimage","url":"https:\/\/ceric.ca\/wp-content\/uploads\/2020\/06\/Screen-Shot-2020-06-16-at-14.17.15-300x93.png","contentUrl":"https:\/\/ceric.ca\/wp-content\/uploads\/2020\/06\/Screen-Shot-2020-06-16-at-14.17.15-300x93.png"},{"@type":"BreadcrumbList","@id":"https:\/\/ceric.ca\/fr\/sondages\/#breadcrumb","itemListElement":[{"@type":"ListItem","position":1,"name":"Home","item":"https:\/\/ceric.ca\/fr\/ceric-homepage-2025\/"},{"@type":"ListItem","position":2,"name":"Sondages"}]},{"@type":"WebSite","@id":"https:\/\/ceric.ca\/#website","url":"https:\/\/ceric.ca\/","name":"CERIC","description":"","publisher":{"@id":"https:\/\/ceric.ca\/#organization"},"potentialAction":[{"@type":"SearchAction","target":{"@type":"EntryPoint","urlTemplate":"https:\/\/ceric.ca\/?s={search_term_string}"},"query-input":{"@type":"PropertyValueSpecification","valueRequired":true,"valueName":"search_term_string"}}],"inLanguage":"fr-FR"},{"@type":"Organization","@id":"https:\/\/ceric.ca\/#organization","name":"CERIC","url":"https:\/\/ceric.ca\/","logo":{"@type":"ImageObject","inLanguage":"fr-FR","@id":"https:\/\/ceric.ca\/#\/schema\/logo\/image\/","url":"","contentUrl":"","caption":"CERIC"},"image":{"@id":"https:\/\/ceric.ca\/#\/schema\/logo\/image\/"}}]}},"_links":{"self":[{"href":"https:\/\/ceric.ca\/fr\/wp-json\/wp\/v2\/pages\/8182","targetHints":{"allow":["GET"]}}],"collection":[{"href":"https:\/\/ceric.ca\/fr\/wp-json\/wp\/v2\/pages"}],"about":[{"href":"https:\/\/ceric.ca\/fr\/wp-json\/wp\/v2\/types\/page"}],"author":[{"embeddable":true,"href":"https:\/\/ceric.ca\/fr\/wp-json\/wp\/v2\/users\/1"}],"replies":[{"embeddable":true,"href":"https:\/\/ceric.ca\/fr\/wp-json\/wp\/v2\/comments?post=8182"}],"version-history":[{"count":0,"href":"https:\/\/ceric.ca\/fr\/wp-json\/wp\/v2\/pages\/8182\/revisions"}],"wp:attachment":[{"href":"https:\/\/ceric.ca\/fr\/wp-json\/wp\/v2\/media?parent=8182"}],"curies":[{"name":"wp","href":"https:\/\/api.w.org\/{rel}","templated":true}]}}