{"id":8210,"date":"2014-05-30T19:44:14","date_gmt":"2014-05-30T19:44:14","guid":{"rendered":"http:\/\/ceric.org\/?page_id=8210"},"modified":"2020-03-02T13:46:26","modified_gmt":"2020-03-02T18:46:26","slug":"seminaires-dete","status":"publish","type":"page","link":"https:\/\/ceric.ca\/fr\/seminaires-dete\/","title":{"rendered":"S\u00e9minaires d&rsquo;\u00e9t\u00e9"},"content":{"rendered":"<div class=\"wpb-content-wrapper\"><p>[vc_row][vc_column][vc_column_text]<img fetchpriority=\"high\" decoding=\"async\" class=\"wp-image-21719 size-full aligncenter\" src=\"http:\/\/ceric.ca\/wp-content\/uploads\/2018\/02\/SummerSkills2.jpg\" alt=\"\" width=\"600\" height=\"126\" srcset=\"https:\/\/ceric.ca\/wp-content\/uploads\/2018\/02\/SummerSkills2.jpg 600w, https:\/\/ceric.ca\/wp-content\/uploads\/2018\/02\/SummerSkills2-300x63.jpg 300w, https:\/\/ceric.ca\/wp-content\/uploads\/2018\/02\/SummerSkills2-156x33.jpg 156w\" sizes=\"(max-width:767px) 480px, 600px\" \/>[\/vc_column_text]\r\n\t<div class=\"wprt-spacer clearfix\" data-desktop=\"10\" data-mobi=\"0\" data-smobi=\"0\"><\/div>[\/vc_column][\/vc_row][vc_row][vc_column width=\u00a0\u00bb1\/3&Prime;][vc_single_image image=\u00a0\u00bb37339&Prime;][\/vc_column][vc_column width=\u00a0\u00bb1\/3&Prime;][vc_single_image image=\u00a0\u00bb33919&Prime;][\/vc_column][vc_column width=\u00a0\u00bb1\/3&Prime;][vc_single_image image=\u00a0\u00bb33922&Prime;][\/vc_column][\/vc_row][vc_row][vc_column width=\u00a0\u00bb1\/3&Prime;]<div class=\"wprt-content-box clearfix \" data-margin=\"\" data-mobimargin=\"\">\r\n\t\t<div class=\"inner\" style=\"padding:3%;border-radius:9px;background-color:#ffc20e;\">\r\n\t\t\t<p>[vc_column_text]<\/p>\n<h6 style=\"text-align: center;\">Enrichissez vos connaissances<\/h6>\n<p>[\/vc_column_text]<\/p>\n\r\n\t\t<\/div>\r\n\t<\/div>[\/vc_column][vc_column width=\u00a0\u00bb1\/3&Prime;]<div class=\"wprt-content-box clearfix \" data-margin=\"0px\" data-mobimargin=\"\">\r\n\t\t<div class=\"inner\" style=\"padding:3%;border-radius:9px;background-color:#ffc20e;\">\r\n\t\t\t<p>[vc_column_text]<\/p>\n<h6 style=\"text-align: center;\">\u00a0Actualisez vos comp\u00e9tences<\/h6>\n<p>[\/vc_column_text]<\/p>\n\r\n\t\t<\/div>\r\n\t<\/div>[\/vc_column][vc_column width=\u00a0\u00bb1\/3&Prime;]<div class=\"wprt-content-box clearfix \" data-margin=\"\" data-mobimargin=\"\">\r\n\t\t<div class=\"inner\" style=\"padding:3%;border-radius:9px;background-color:#ffc20e;\">\r\n\t\t\t<p>[vc_column_text]<\/p>\n<h6 style=\"text-align: center;\">Ressourcez-vous<\/h6>\n<p>[\/vc_column_text]<\/p>\n\r\n\t\t<\/div>\r\n\t<\/div>[\/vc_column][\/vc_row][vc_row][vc_column]\r\n\t<div class=\"wprt-spacer clearfix\" data-desktop=\"30\" data-mobi=\"0\" data-smobi=\"0\"><\/div>[vc_column_text]Les s\u00e9minaires d\u2019\u00e9t\u00e9 du CERIC, offerts actuellement en anglais seulement, r\u00e9pondent \u00e0 votre demande de s\u00e9minaires approfondis, donn\u00e9s en salle et adapt\u00e9s \u00e0 votre budget.<\/p>\n<p>Con\u00e7ue pour les praticiens du d\u00e9veloppement de carri\u00e8re, les directeurs g\u00e9n\u00e9raux et d\u2019autres professionnels int\u00e9ress\u00e9s par le domaine, cette s\u00e9rie de s\u00e9minaires porte sur une vari\u00e9t\u00e9 de sujets tri\u00e9s sur le volet. Les sujets trait\u00e9s refl\u00e8tent les techniques \u00e9mergentes, les tendances actuelles et les principes fondamentaux de la gestion. Les pr\u00e9sentateurs sont des experts dans leur domaine.<\/p>\n<p>Planifiez du temps cet \u00e9t\u00e9 pour investir dans votre d\u00e9veloppement professionnel et celui de votre \u00e9quipe. C&rsquo;est votre chance de prendre du recul par rapport au service \u00e0 la client\u00e8le ou \u00e0 la gestion de votre d\u00e9partement ou organisme.[\/vc_column_text]\r\n\t<div class=\"wprt-spacer clearfix\" data-desktop=\"30\" data-mobi=\"0\" data-smobi=\"0\"><\/div>[vc_column_text][pt_view id=\u00a0\u00bb42edb3ee71&Prime;][\/vc_column_text][\/vc_column][\/vc_row]<\/p>\n<\/div>","protected":false},"excerpt":{"rendered":"<p>[vc_row][vc_column][vc_column_text][\/vc_column_text][\/vc_column][\/vc_row][vc_row][vc_column width=\u00a0\u00bb1\/3&Prime;][vc_single_image image=\u00a0\u00bb37339&Prime;][\/vc_column][vc_column width=\u00a0\u00bb1\/3&Prime;][vc_single_image image=\u00a0\u00bb33919&Prime;][\/vc_column][vc_column width=\u00a0\u00bb1\/3&Prime;][vc_single_image image=\u00a0\u00bb33922&Prime;][\/vc_column][\/vc_row][vc_row][vc_column width=\u00a0\u00bb1\/3&Prime;][\/vc_column][vc_column width=\u00a0\u00bb1\/3&Prime;][\/vc_column][vc_column width=\u00a0\u00bb1\/3&Prime;][\/vc_column][\/vc_row][vc_row][vc_column][vc_column_text]Les s\u00e9minaires d\u2019\u00e9t\u00e9 du CERIC, offerts actuellement en anglais seulement, r\u00e9pondent \u00e0 votre demande de s\u00e9minaires approfondis,<span class=\"excerpt-hellip\"> [\u2026]<\/span><\/p>\n","protected":false},"author":1,"featured_media":0,"parent":0,"menu_order":0,"comment_status":"closed","ping_status":"closed","template":"","meta":{"h5ap_radio_sources":[],"footnotes":""},"class_list":["post-8210","page","type-page","status-publish","hentry"],"yoast_head":"<!-- This site is optimized with the Yoast SEO Premium plugin v27.5 (Yoast SEO v27.5) - https:\/\/yoast.com\/product\/yoast-seo-premium-wordpress\/ -->\n<title>S\u00e9minaires d&#039;\u00e9t\u00e9 - CERIC<\/title>\n<meta name=\"robots\" content=\"index, follow, max-snippet:-1, max-image-preview:large, max-video-preview:-1\" \/>\n<link rel=\"canonical\" href=\"https:\/\/ceric.ca\/fr\/seminaires-dete\/\" \/>\n<meta property=\"og:locale\" content=\"fr_FR\" \/>\n<meta property=\"og:type\" content=\"article\" \/>\n<meta property=\"og:title\" content=\"S\u00e9minaires d&#039;\u00e9t\u00e9\" \/>\n<meta property=\"og:description\" content=\"[vc_row][vc_column][vc_column_text][\/vc_column_text][\/vc_column][\/vc_row][vc_row][vc_column width=\u00a0\u00bb1\/3&Prime;][vc_single_image image=\u00a0\u00bb37339&Prime;][\/vc_column][vc_column width=\u00a0\u00bb1\/3&Prime;][vc_single_image image=\u00a0\u00bb33919&Prime;][\/vc_column][vc_column width=\u00a0\u00bb1\/3&Prime;][vc_single_image image=\u00a0\u00bb33922&Prime;][\/vc_column][\/vc_row][vc_row][vc_column width=\u00a0\u00bb1\/3&Prime;][\/vc_column][vc_column width=\u00a0\u00bb1\/3&Prime;][\/vc_column][vc_column width=\u00a0\u00bb1\/3&Prime;][\/vc_column][\/vc_row][vc_row][vc_column][vc_column_text]Les s\u00e9minaires d\u2019\u00e9t\u00e9 du CERIC, offerts actuellement en anglais seulement, r\u00e9pondent \u00e0 votre demande de s\u00e9minaires approfondis, [\u2026]\" \/>\n<meta property=\"og:url\" content=\"https:\/\/ceric.ca\/fr\/seminaires-dete\/\" \/>\n<meta property=\"og:site_name\" content=\"CERIC\" \/>\n<meta property=\"article:modified_time\" content=\"2020-03-02T18:46:26+00:00\" \/>\n<meta property=\"og:image\" content=\"http:\/\/ceric.ca\/wp-content\/uploads\/2018\/02\/SummerSkills2.jpg\" \/>\n<meta name=\"twitter:card\" content=\"summary_large_image\" \/>\n<meta name=\"twitter:label1\" content=\"Dur\u00e9e de lecture estim\u00e9e\" \/>\n\t<meta name=\"twitter:data1\" content=\"2 minutes\" \/>\n<script type=\"application\/ld+json\" class=\"yoast-schema-graph\">{\"@context\":\"https:\\\/\\\/schema.org\",\"@graph\":[{\"@type\":\"WebPage\",\"@id\":\"https:\\\/\\\/ceric.ca\\\/fr\\\/seminaires-dete\\\/\",\"url\":\"https:\\\/\\\/ceric.ca\\\/fr\\\/seminaires-dete\\\/\",\"name\":\"S\u00e9minaires d'\u00e9t\u00e9 - CERIC\",\"isPartOf\":{\"@id\":\"https:\\\/\\\/ceric.ca\\\/#website\"},\"primaryImageOfPage\":{\"@id\":\"https:\\\/\\\/ceric.ca\\\/fr\\\/seminaires-dete\\\/#primaryimage\"},\"image\":{\"@id\":\"https:\\\/\\\/ceric.ca\\\/fr\\\/seminaires-dete\\\/#primaryimage\"},\"thumbnailUrl\":\"http:\\\/\\\/ceric.ca\\\/wp-content\\\/uploads\\\/2018\\\/02\\\/SummerSkills2.jpg\",\"datePublished\":\"2014-05-30T19:44:14+00:00\",\"dateModified\":\"2020-03-02T18:46:26+00:00\",\"breadcrumb\":{\"@id\":\"https:\\\/\\\/ceric.ca\\\/fr\\\/seminaires-dete\\\/#breadcrumb\"},\"inLanguage\":\"fr-FR\",\"potentialAction\":[{\"@type\":\"ReadAction\",\"target\":[\"https:\\\/\\\/ceric.ca\\\/fr\\\/seminaires-dete\\\/\"]}]},{\"@type\":\"ImageObject\",\"inLanguage\":\"fr-FR\",\"@id\":\"https:\\\/\\\/ceric.ca\\\/fr\\\/seminaires-dete\\\/#primaryimage\",\"url\":\"http:\\\/\\\/ceric.ca\\\/wp-content\\\/uploads\\\/2018\\\/02\\\/SummerSkills2.jpg\",\"contentUrl\":\"http:\\\/\\\/ceric.ca\\\/wp-content\\\/uploads\\\/2018\\\/02\\\/SummerSkills2.jpg\"},{\"@type\":\"BreadcrumbList\",\"@id\":\"https:\\\/\\\/ceric.ca\\\/fr\\\/seminaires-dete\\\/#breadcrumb\",\"itemListElement\":[{\"@type\":\"ListItem\",\"position\":1,\"name\":\"Home\",\"item\":\"https:\\\/\\\/ceric.ca\\\/fr\\\/ceric-homepage-2025\\\/\"},{\"@type\":\"ListItem\",\"position\":2,\"name\":\"S\u00e9minaires d&rsquo;\u00e9t\u00e9\"}]},{\"@type\":\"WebSite\",\"@id\":\"https:\\\/\\\/ceric.ca\\\/#website\",\"url\":\"https:\\\/\\\/ceric.ca\\\/\",\"name\":\"CERIC\",\"description\":\"\",\"publisher\":{\"@id\":\"https:\\\/\\\/ceric.ca\\\/#organization\"},\"potentialAction\":[{\"@type\":\"SearchAction\",\"target\":{\"@type\":\"EntryPoint\",\"urlTemplate\":\"https:\\\/\\\/ceric.ca\\\/?s={search_term_string}\"},\"query-input\":{\"@type\":\"PropertyValueSpecification\",\"valueRequired\":true,\"valueName\":\"search_term_string\"}}],\"inLanguage\":\"fr-FR\"},{\"@type\":\"Organization\",\"@id\":\"https:\\\/\\\/ceric.ca\\\/#organization\",\"name\":\"CERIC\",\"url\":\"https:\\\/\\\/ceric.ca\\\/\",\"logo\":{\"@type\":\"ImageObject\",\"inLanguage\":\"fr-FR\",\"@id\":\"https:\\\/\\\/ceric.ca\\\/#\\\/schema\\\/logo\\\/image\\\/\",\"url\":\"\",\"contentUrl\":\"\",\"caption\":\"CERIC\"},\"image\":{\"@id\":\"https:\\\/\\\/ceric.ca\\\/#\\\/schema\\\/logo\\\/image\\\/\"}}]}<\/script>\n<!-- \/ Yoast SEO Premium plugin. -->","yoast_head_json":{"title":"S\u00e9minaires d'\u00e9t\u00e9 - CERIC","robots":{"index":"index","follow":"follow","max-snippet":"max-snippet:-1","max-image-preview":"max-image-preview:large","max-video-preview":"max-video-preview:-1"},"canonical":"https:\/\/ceric.ca\/fr\/seminaires-dete\/","og_locale":"fr_FR","og_type":"article","og_title":"S\u00e9minaires d'\u00e9t\u00e9","og_description":"[vc_row][vc_column][vc_column_text][\/vc_column_text][\/vc_column][\/vc_row][vc_row][vc_column width=\u00a0\u00bb1\/3&Prime;][vc_single_image image=\u00a0\u00bb37339&Prime;][\/vc_column][vc_column width=\u00a0\u00bb1\/3&Prime;][vc_single_image image=\u00a0\u00bb33919&Prime;][\/vc_column][vc_column width=\u00a0\u00bb1\/3&Prime;][vc_single_image image=\u00a0\u00bb33922&Prime;][\/vc_column][\/vc_row][vc_row][vc_column width=\u00a0\u00bb1\/3&Prime;][\/vc_column][vc_column width=\u00a0\u00bb1\/3&Prime;][\/vc_column][vc_column width=\u00a0\u00bb1\/3&Prime;][\/vc_column][\/vc_row][vc_row][vc_column][vc_column_text]Les s\u00e9minaires d\u2019\u00e9t\u00e9 du CERIC, offerts actuellement en anglais seulement, r\u00e9pondent \u00e0 votre demande de s\u00e9minaires approfondis, [\u2026]","og_url":"https:\/\/ceric.ca\/fr\/seminaires-dete\/","og_site_name":"CERIC","article_modified_time":"2020-03-02T18:46:26+00:00","og_image":[{"url":"http:\/\/ceric.ca\/wp-content\/uploads\/2018\/02\/SummerSkills2.jpg","type":"","width":"","height":""}],"twitter_card":"summary_large_image","twitter_misc":{"Dur\u00e9e de lecture estim\u00e9e":"2 minutes"},"schema":{"@context":"https:\/\/schema.org","@graph":[{"@type":"WebPage","@id":"https:\/\/ceric.ca\/fr\/seminaires-dete\/","url":"https:\/\/ceric.ca\/fr\/seminaires-dete\/","name":"S\u00e9minaires d'\u00e9t\u00e9 - CERIC","isPartOf":{"@id":"https:\/\/ceric.ca\/#website"},"primaryImageOfPage":{"@id":"https:\/\/ceric.ca\/fr\/seminaires-dete\/#primaryimage"},"image":{"@id":"https:\/\/ceric.ca\/fr\/seminaires-dete\/#primaryimage"},"thumbnailUrl":"http:\/\/ceric.ca\/wp-content\/uploads\/2018\/02\/SummerSkills2.jpg","datePublished":"2014-05-30T19:44:14+00:00","dateModified":"2020-03-02T18:46:26+00:00","breadcrumb":{"@id":"https:\/\/ceric.ca\/fr\/seminaires-dete\/#breadcrumb"},"inLanguage":"fr-FR","potentialAction":[{"@type":"ReadAction","target":["https:\/\/ceric.ca\/fr\/seminaires-dete\/"]}]},{"@type":"ImageObject","inLanguage":"fr-FR","@id":"https:\/\/ceric.ca\/fr\/seminaires-dete\/#primaryimage","url":"http:\/\/ceric.ca\/wp-content\/uploads\/2018\/02\/SummerSkills2.jpg","contentUrl":"http:\/\/ceric.ca\/wp-content\/uploads\/2018\/02\/SummerSkills2.jpg"},{"@type":"BreadcrumbList","@id":"https:\/\/ceric.ca\/fr\/seminaires-dete\/#breadcrumb","itemListElement":[{"@type":"ListItem","position":1,"name":"Home","item":"https:\/\/ceric.ca\/fr\/ceric-homepage-2025\/"},{"@type":"ListItem","position":2,"name":"S\u00e9minaires d&rsquo;\u00e9t\u00e9"}]},{"@type":"WebSite","@id":"https:\/\/ceric.ca\/#website","url":"https:\/\/ceric.ca\/","name":"CERIC","description":"","publisher":{"@id":"https:\/\/ceric.ca\/#organization"},"potentialAction":[{"@type":"SearchAction","target":{"@type":"EntryPoint","urlTemplate":"https:\/\/ceric.ca\/?s={search_term_string}"},"query-input":{"@type":"PropertyValueSpecification","valueRequired":true,"valueName":"search_term_string"}}],"inLanguage":"fr-FR"},{"@type":"Organization","@id":"https:\/\/ceric.ca\/#organization","name":"CERIC","url":"https:\/\/ceric.ca\/","logo":{"@type":"ImageObject","inLanguage":"fr-FR","@id":"https:\/\/ceric.ca\/#\/schema\/logo\/image\/","url":"","contentUrl":"","caption":"CERIC"},"image":{"@id":"https:\/\/ceric.ca\/#\/schema\/logo\/image\/"}}]}},"_links":{"self":[{"href":"https:\/\/ceric.ca\/fr\/wp-json\/wp\/v2\/pages\/8210","targetHints":{"allow":["GET"]}}],"collection":[{"href":"https:\/\/ceric.ca\/fr\/wp-json\/wp\/v2\/pages"}],"about":[{"href":"https:\/\/ceric.ca\/fr\/wp-json\/wp\/v2\/types\/page"}],"author":[{"embeddable":true,"href":"https:\/\/ceric.ca\/fr\/wp-json\/wp\/v2\/users\/1"}],"replies":[{"embeddable":true,"href":"https:\/\/ceric.ca\/fr\/wp-json\/wp\/v2\/comments?post=8210"}],"version-history":[{"count":0,"href":"https:\/\/ceric.ca\/fr\/wp-json\/wp\/v2\/pages\/8210\/revisions"}],"wp:attachment":[{"href":"https:\/\/ceric.ca\/fr\/wp-json\/wp\/v2\/media?parent=8210"}],"curies":[{"name":"wp","href":"https:\/\/api.w.org\/{rel}","templated":true}]}}