{"id":8339,"date":"2014-06-02T14:25:27","date_gmt":"2014-06-02T14:25:27","guid":{"rendered":"http:\/\/ceric.org\/?page_id=8339"},"modified":"2014-06-02T14:25:27","modified_gmt":"2014-06-02T14:25:27","slug":"le-ceric-et-lacpi-presentent-un-evenement-sur-la-recherche-demploi-sans-panique-le-23-octobre","status":"publish","type":"page","link":"https:\/\/ceric.ca\/fr\/le-ceric-et-lacpi-presentent-un-evenement-sur-la-recherche-demploi-sans-panique-le-23-octobre\/","title":{"rendered":"Le CERIC et l&rsquo;ACPI pr\u00e9sentent un \u00e9v\u00e9nement sur la recherche d&#8217;emploi sans panique, le 23 octobre"},"content":{"rendered":"<p>Le CERIC est heureux de collaborer avec l\u00a0<a href=\"http:\/\/www.acpinternational.org\/Default.aspx?tabid=1177\" target=\"_blank\">Association of Career Professionals International (ACPI)<\/a> afin de vous proposer une soir\u00e9e en compagnie de Paul Hill, auteur du livre <em>The Panic Free Job Search<\/em> (Rechercher un emploi sans paniquer). Cet \u00e9v\u00e9nement aura lieu \u00e0 Toronto le mardi 23 octobre, de 17 h 30 \u00e0 20 h 30 (en anglais).<\/p>\n<p>S&rsquo;inspirant de son livre, M. Hill expliquera aux professionnels de l&rsquo;orientation comment\u2026<\/p>\n<ul>\n<li>motiver et inspirer les chercheurs d&#8217;emploi en les guidant et en leur donnant confiance<\/li>\n<li>amener les chercheurs d&#8217;emploi \u00e0 se voir comme des candidats plut\u00f4t que des postulants<\/li>\n<li>aider les chercheurs d&#8217;emploi \u00e0 trouver un poste en appliquant une m\u00e9thode tactique pour transgresser les r\u00e8gles \u00e9tablies et proc\u00e9der \u00e0 une recherche cibl\u00e9e<\/li>\n<\/ul>\n<p>De l&rsquo;avis de ses plus fid\u00e8les partisans, Paul Hill fait partie d&rsquo;une nouvelle cat\u00e9gorie d&rsquo;experts en recherche d&#8217;emploi; il est d\u00e9termin\u00e9 \u00e0 montrer aux professionnels comment g\u00e9rer leur carri\u00e8re de mani\u00e8re proactive en appliquant des m\u00e9thodes \u00e9prouv\u00e9es pour cr\u00e9er en ligne leur propre marque professionnelle. M. Hill est instructeur en chef et directeur de Transition to Hired, une division d&rsquo; ADV Advanced Technical Services Inc. (ADV).<\/p>\n<p>Le CERIC travaille en collaboration avec des associations et des organisations tri\u00e9es sur le volet de partout au Canada afin de pr\u00e9senter une s\u00e9rie d&rsquo;\u00e9v\u00e9nements ax\u00e9s sur le perfectionnement professionnel. Ces \u00ab miniforums \u00bb visent \u00e0 inciter les praticiens du d\u00e9veloppement de carri\u00e8re \u00e0 s&rsquo;engager dans les communaut\u00e9s au sein desquelles ils travaillent et \u00e0 leur fournir des occasions d&rsquo;apprentissage int\u00e9ressantes et \u00e9conomiques.<\/p>\n<p>Consultez le <a href=\"http:\/\/ceric.org\/wp-content\/uploads\/2012\/10\/CERIC_transition_to_hired_mini_forum.pdf\" target=\"_blank\">d\u00e9pliant sur l&rsquo;\u00e9v\u00e9nement<\/a> (en anglais) et <a href=\"http:\/\/acpitorontoeventoct23.eventbrite.ca\" target=\"_blank\">inscrivez-vous sans tarder<\/a>.<\/p>\n","protected":false},"excerpt":{"rendered":"<p>Le CERIC est heureux de collaborer avec l\u00a0Association of Career Professionals International (ACPI) afin de vous proposer une soir\u00e9e en compagnie de Paul Hill, auteur du<span class=\"excerpt-hellip\"> [\u2026]<\/span><\/p>\n","protected":false},"author":1,"featured_media":0,"parent":0,"menu_order":0,"comment_status":"closed","ping_status":"open","template":"","meta":{"h5ap_radio_sources":[],"footnotes":""},"class_list":["post-8339","page","type-page","status-publish","hentry"],"yoast_head":"<!-- This site is optimized with the Yoast SEO Premium plugin v27.3 (Yoast SEO v27.3) - https:\/\/yoast.com\/product\/yoast-seo-premium-wordpress\/ -->\n<title>Le CERIC et l&#039;ACPI pr\u00e9sentent un \u00e9v\u00e9nement sur la recherche d&#039;emploi sans panique, le 23 octobre - CERIC<\/title>\n<meta name=\"robots\" content=\"index, follow, max-snippet:-1, max-image-preview:large, max-video-preview:-1\" \/>\n<link rel=\"canonical\" href=\"https:\/\/ceric.ca\/fr\/le-ceric-et-lacpi-presentent-un-evenement-sur-la-recherche-demploi-sans-panique-le-23-octobre\/\" \/>\n<meta property=\"og:locale\" content=\"fr_FR\" \/>\n<meta property=\"og:type\" content=\"article\" \/>\n<meta property=\"og:title\" content=\"Le CERIC et l&#039;ACPI pr\u00e9sentent un \u00e9v\u00e9nement sur la recherche d&#039;emploi sans panique, le 23 octobre\" \/>\n<meta property=\"og:description\" content=\"Le CERIC est heureux de collaborer avec l\u00a0Association of Career Professionals International (ACPI) afin de vous proposer une soir\u00e9e en compagnie de Paul Hill, auteur du [\u2026]\" \/>\n<meta property=\"og:url\" content=\"https:\/\/ceric.ca\/fr\/le-ceric-et-lacpi-presentent-un-evenement-sur-la-recherche-demploi-sans-panique-le-23-octobre\/\" \/>\n<meta property=\"og:site_name\" content=\"CERIC\" \/>\n<meta name=\"twitter:card\" content=\"summary_large_image\" \/>\n<meta name=\"twitter:label1\" content=\"Dur\u00e9e de lecture estim\u00e9e\" \/>\n\t<meta name=\"twitter:data1\" content=\"1 minute\" \/>\n<script type=\"application\/ld+json\" class=\"yoast-schema-graph\">{\"@context\":\"https:\\\/\\\/schema.org\",\"@graph\":[{\"@type\":\"WebPage\",\"@id\":\"https:\\\/\\\/ceric.ca\\\/fr\\\/le-ceric-et-lacpi-presentent-un-evenement-sur-la-recherche-demploi-sans-panique-le-23-octobre\\\/\",\"url\":\"https:\\\/\\\/ceric.ca\\\/fr\\\/le-ceric-et-lacpi-presentent-un-evenement-sur-la-recherche-demploi-sans-panique-le-23-octobre\\\/\",\"name\":\"Le CERIC et l'ACPI pr\u00e9sentent un \u00e9v\u00e9nement sur la recherche d'emploi sans panique, le 23 octobre - CERIC\",\"isPartOf\":{\"@id\":\"https:\\\/\\\/ceric.ca\\\/#website\"},\"datePublished\":\"2014-06-02T14:25:27+00:00\",\"breadcrumb\":{\"@id\":\"https:\\\/\\\/ceric.ca\\\/fr\\\/le-ceric-et-lacpi-presentent-un-evenement-sur-la-recherche-demploi-sans-panique-le-23-octobre\\\/#breadcrumb\"},\"inLanguage\":\"fr-FR\",\"potentialAction\":[{\"@type\":\"ReadAction\",\"target\":[\"https:\\\/\\\/ceric.ca\\\/fr\\\/le-ceric-et-lacpi-presentent-un-evenement-sur-la-recherche-demploi-sans-panique-le-23-octobre\\\/\"]}]},{\"@type\":\"BreadcrumbList\",\"@id\":\"https:\\\/\\\/ceric.ca\\\/fr\\\/le-ceric-et-lacpi-presentent-un-evenement-sur-la-recherche-demploi-sans-panique-le-23-octobre\\\/#breadcrumb\",\"itemListElement\":[{\"@type\":\"ListItem\",\"position\":1,\"name\":\"Home\",\"item\":\"https:\\\/\\\/ceric.ca\\\/fr\\\/ceric-homepage-2025\\\/\"},{\"@type\":\"ListItem\",\"position\":2,\"name\":\"Le CERIC et l&rsquo;ACPI pr\u00e9sentent un \u00e9v\u00e9nement sur la recherche d&#8217;emploi sans panique, le 23 octobre\"}]},{\"@type\":\"WebSite\",\"@id\":\"https:\\\/\\\/ceric.ca\\\/#website\",\"url\":\"https:\\\/\\\/ceric.ca\\\/\",\"name\":\"CERIC\",\"description\":\"\",\"publisher\":{\"@id\":\"https:\\\/\\\/ceric.ca\\\/#organization\"},\"potentialAction\":[{\"@type\":\"SearchAction\",\"target\":{\"@type\":\"EntryPoint\",\"urlTemplate\":\"https:\\\/\\\/ceric.ca\\\/?s={search_term_string}\"},\"query-input\":{\"@type\":\"PropertyValueSpecification\",\"valueRequired\":true,\"valueName\":\"search_term_string\"}}],\"inLanguage\":\"fr-FR\"},{\"@type\":\"Organization\",\"@id\":\"https:\\\/\\\/ceric.ca\\\/#organization\",\"name\":\"CERIC\",\"url\":\"https:\\\/\\\/ceric.ca\\\/\",\"logo\":{\"@type\":\"ImageObject\",\"inLanguage\":\"fr-FR\",\"@id\":\"https:\\\/\\\/ceric.ca\\\/#\\\/schema\\\/logo\\\/image\\\/\",\"url\":\"\",\"contentUrl\":\"\",\"caption\":\"CERIC\"},\"image\":{\"@id\":\"https:\\\/\\\/ceric.ca\\\/#\\\/schema\\\/logo\\\/image\\\/\"}}]}<\/script>\n<!-- \/ Yoast SEO Premium plugin. -->","yoast_head_json":{"title":"Le CERIC et l'ACPI pr\u00e9sentent un \u00e9v\u00e9nement sur la recherche d'emploi sans panique, le 23 octobre - CERIC","robots":{"index":"index","follow":"follow","max-snippet":"max-snippet:-1","max-image-preview":"max-image-preview:large","max-video-preview":"max-video-preview:-1"},"canonical":"https:\/\/ceric.ca\/fr\/le-ceric-et-lacpi-presentent-un-evenement-sur-la-recherche-demploi-sans-panique-le-23-octobre\/","og_locale":"fr_FR","og_type":"article","og_title":"Le CERIC et l'ACPI pr\u00e9sentent un \u00e9v\u00e9nement sur la recherche d'emploi sans panique, le 23 octobre","og_description":"Le CERIC est heureux de collaborer avec l\u00a0Association of Career Professionals International (ACPI) afin de vous proposer une soir\u00e9e en compagnie de Paul Hill, auteur du [\u2026]","og_url":"https:\/\/ceric.ca\/fr\/le-ceric-et-lacpi-presentent-un-evenement-sur-la-recherche-demploi-sans-panique-le-23-octobre\/","og_site_name":"CERIC","twitter_card":"summary_large_image","twitter_misc":{"Dur\u00e9e de lecture estim\u00e9e":"1 minute"},"schema":{"@context":"https:\/\/schema.org","@graph":[{"@type":"WebPage","@id":"https:\/\/ceric.ca\/fr\/le-ceric-et-lacpi-presentent-un-evenement-sur-la-recherche-demploi-sans-panique-le-23-octobre\/","url":"https:\/\/ceric.ca\/fr\/le-ceric-et-lacpi-presentent-un-evenement-sur-la-recherche-demploi-sans-panique-le-23-octobre\/","name":"Le CERIC et l'ACPI pr\u00e9sentent un \u00e9v\u00e9nement sur la recherche d'emploi sans panique, le 23 octobre - CERIC","isPartOf":{"@id":"https:\/\/ceric.ca\/#website"},"datePublished":"2014-06-02T14:25:27+00:00","breadcrumb":{"@id":"https:\/\/ceric.ca\/fr\/le-ceric-et-lacpi-presentent-un-evenement-sur-la-recherche-demploi-sans-panique-le-23-octobre\/#breadcrumb"},"inLanguage":"fr-FR","potentialAction":[{"@type":"ReadAction","target":["https:\/\/ceric.ca\/fr\/le-ceric-et-lacpi-presentent-un-evenement-sur-la-recherche-demploi-sans-panique-le-23-octobre\/"]}]},{"@type":"BreadcrumbList","@id":"https:\/\/ceric.ca\/fr\/le-ceric-et-lacpi-presentent-un-evenement-sur-la-recherche-demploi-sans-panique-le-23-octobre\/#breadcrumb","itemListElement":[{"@type":"ListItem","position":1,"name":"Home","item":"https:\/\/ceric.ca\/fr\/ceric-homepage-2025\/"},{"@type":"ListItem","position":2,"name":"Le CERIC et l&rsquo;ACPI pr\u00e9sentent un \u00e9v\u00e9nement sur la recherche d&#8217;emploi sans panique, le 23 octobre"}]},{"@type":"WebSite","@id":"https:\/\/ceric.ca\/#website","url":"https:\/\/ceric.ca\/","name":"CERIC","description":"","publisher":{"@id":"https:\/\/ceric.ca\/#organization"},"potentialAction":[{"@type":"SearchAction","target":{"@type":"EntryPoint","urlTemplate":"https:\/\/ceric.ca\/?s={search_term_string}"},"query-input":{"@type":"PropertyValueSpecification","valueRequired":true,"valueName":"search_term_string"}}],"inLanguage":"fr-FR"},{"@type":"Organization","@id":"https:\/\/ceric.ca\/#organization","name":"CERIC","url":"https:\/\/ceric.ca\/","logo":{"@type":"ImageObject","inLanguage":"fr-FR","@id":"https:\/\/ceric.ca\/#\/schema\/logo\/image\/","url":"","contentUrl":"","caption":"CERIC"},"image":{"@id":"https:\/\/ceric.ca\/#\/schema\/logo\/image\/"}}]}},"_links":{"self":[{"href":"https:\/\/ceric.ca\/fr\/wp-json\/wp\/v2\/pages\/8339","targetHints":{"allow":["GET"]}}],"collection":[{"href":"https:\/\/ceric.ca\/fr\/wp-json\/wp\/v2\/pages"}],"about":[{"href":"https:\/\/ceric.ca\/fr\/wp-json\/wp\/v2\/types\/page"}],"author":[{"embeddable":true,"href":"https:\/\/ceric.ca\/fr\/wp-json\/wp\/v2\/users\/1"}],"replies":[{"embeddable":true,"href":"https:\/\/ceric.ca\/fr\/wp-json\/wp\/v2\/comments?post=8339"}],"version-history":[{"count":0,"href":"https:\/\/ceric.ca\/fr\/wp-json\/wp\/v2\/pages\/8339\/revisions"}],"wp:attachment":[{"href":"https:\/\/ceric.ca\/fr\/wp-json\/wp\/v2\/media?parent=8339"}],"curies":[{"name":"wp","href":"https:\/\/api.w.org\/{rel}","templated":true}]}}