{"id":8366,"date":"2014-06-02T15:02:52","date_gmt":"2014-06-02T15:02:52","guid":{"rendered":"http:\/\/ceric.org\/?page_id=8366"},"modified":"2014-06-02T15:02:52","modified_gmt":"2014-06-02T15:02:52","slug":"un-miniforum-se-penche-sur-la-facon-daider-les-clients-souffrant-dune-maladie-chronique","status":"publish","type":"page","link":"https:\/\/ceric.ca\/fr\/un-miniforum-se-penche-sur-la-facon-daider-les-clients-souffrant-dune-maladie-chronique\/","title":{"rendered":"Un miniforum se penche sur la fa\u00e7on d\u2019aider les clients souffrant d\u2019une maladie chronique"},"content":{"rendered":"<p>Le premier miniforum sur le d\u00e9veloppement de carri\u00e8re commandit\u00e9 par le CERIC examinera diverses fa\u00e7ons de soutenir le nombre croissant de travailleurs canadiens aux prises avec une maladie chronique, dans le cadre d\u2019un atelier qui aura lieu \u00e0 Toronto le 27 avril et qui sera pr\u00e9sent\u00e9 par l\u2019Association of Career Professionals International (ACPI).<\/p>\n<p>Pour la premi\u00e8re fois de l\u2019histoire, les maladies chroniques ont surpass\u00e9 les maladies aigu\u00ebs en tant que principal probl\u00e8me de sant\u00e9 au Canada et partout au monde : un Canadien d\u2019\u00e2ge actif sur trois souffre d\u2019au moins une affection chronique et on pr\u00e9voit que ce nombre augmentera avec le vieillissement de la main-d\u2019\u0153uvre.<\/p>\n<p>Dans le cadre de cet atelier intitul\u00e9 <a href=\"http:\/\/ceric.org\/wp-content\/uploads\/2012\/10\/CERIC-ACPI-flyer-final-V2.pdf\" target=\"_blank\">The Facts, Fiction &amp; Feasibility: Supporting Individuals with Chronic Illness<\/a>, les participants :<\/p>\n<ul>\n<li>d\u00e9couvriront les d\u00e9fis et les besoins uniques des travailleurs qui souffrent d\u2019une maladie chronique et les r\u00e9percussions sur les r\u00e9sultats nets de l&rsquo;entreprise;<\/li>\n<li>\u00e9tabliront un plan d\u2019action en vue d\u2019aider les clients ou les employ\u00e9s confront\u00e9s \u00e0 des d\u00e9fis en mati\u00e8re d\u2019emploi en raison d\u2019affections chroniques; et<\/li>\n<li>\u00e9laboreront un dossier sur l\u2019adaptation et la souplesse comme moyens d\u2019am\u00e9liorer la participation et la productivit\u00e9 de ces travailleurs.<\/li>\n<\/ul>\n<p>Le pr\u00e9sentateur sera Jason Reid, fondateur de Sick with SuccessMD, un cabinet de mentorat et de consultation, et un leader d\u2019opinion dans le domaine de la productivit\u00e9 dans le contexte des maladies chroniques. Tous les participants \u00e0 l\u2019atelier recevront un exemplaire de son nouveau livre intitul\u00e9 <em>Thriving in the Age of Chronic Illness<\/em>.<\/p>\n<p>Les co\u00fbts de l\u2019atelier d\u2019une demi-journ\u00e9e sont les suivants : 100 $ pour les membres de l\u2019ACPI, 135 $ pour les non-membres et 75 $ pour les \u00e9tudiants. <a href=\"http:\/\/acptorontoapr27event.eventbrite.ca\/\" target=\"_blank\">Inscrivez-vous d\u00e8s aujourd\u2019hui!<\/a><\/p>\n<p>Surveillez l\u2019annonce des prochains miniforums du CERIC en collaboration avec divers partenaires \u00e0 l\u2019\u00e9chelle nationale et r\u00e9gionale; on y abordera des sujets d\u2019actualit\u00e9 en mati\u00e8re de d\u00e9veloppement de carri\u00e8re.<\/p>\n","protected":false},"excerpt":{"rendered":"<p>Le premier miniforum sur le d\u00e9veloppement de carri\u00e8re commandit\u00e9 par le CERIC examinera diverses fa\u00e7ons de soutenir le nombre croissant de travailleurs canadiens aux prises avec<span class=\"excerpt-hellip\"> [\u2026]<\/span><\/p>\n","protected":false},"author":1,"featured_media":0,"parent":0,"menu_order":0,"comment_status":"closed","ping_status":"open","template":"","meta":{"h5ap_radio_sources":[],"footnotes":""},"class_list":["post-8366","page","type-page","status-publish","hentry"],"yoast_head":"<!-- This site is optimized with the Yoast SEO Premium plugin v27.3 (Yoast SEO v27.3) - https:\/\/yoast.com\/product\/yoast-seo-premium-wordpress\/ -->\n<title>Un miniforum se penche sur la fa\u00e7on d\u2019aider les clients souffrant d\u2019une maladie chronique  - CERIC<\/title>\n<meta name=\"robots\" content=\"index, follow, max-snippet:-1, max-image-preview:large, max-video-preview:-1\" \/>\n<link rel=\"canonical\" href=\"https:\/\/ceric.ca\/fr\/un-miniforum-se-penche-sur-la-facon-daider-les-clients-souffrant-dune-maladie-chronique\/\" \/>\n<meta property=\"og:locale\" content=\"fr_FR\" \/>\n<meta property=\"og:type\" content=\"article\" \/>\n<meta property=\"og:title\" content=\"Un miniforum se penche sur la fa\u00e7on d\u2019aider les clients souffrant d\u2019une maladie chronique\" \/>\n<meta property=\"og:description\" content=\"Le premier miniforum sur le d\u00e9veloppement de carri\u00e8re commandit\u00e9 par le CERIC examinera diverses fa\u00e7ons de soutenir le nombre croissant de travailleurs canadiens aux prises avec [\u2026]\" \/>\n<meta property=\"og:url\" content=\"https:\/\/ceric.ca\/fr\/un-miniforum-se-penche-sur-la-facon-daider-les-clients-souffrant-dune-maladie-chronique\/\" \/>\n<meta property=\"og:site_name\" content=\"CERIC\" \/>\n<meta name=\"twitter:card\" content=\"summary_large_image\" \/>\n<meta name=\"twitter:label1\" content=\"Dur\u00e9e de lecture estim\u00e9e\" \/>\n\t<meta name=\"twitter:data1\" content=\"2 minutes\" \/>\n<script type=\"application\/ld+json\" class=\"yoast-schema-graph\">{\"@context\":\"https:\\\/\\\/schema.org\",\"@graph\":[{\"@type\":\"WebPage\",\"@id\":\"https:\\\/\\\/ceric.ca\\\/fr\\\/un-miniforum-se-penche-sur-la-facon-daider-les-clients-souffrant-dune-maladie-chronique\\\/\",\"url\":\"https:\\\/\\\/ceric.ca\\\/fr\\\/un-miniforum-se-penche-sur-la-facon-daider-les-clients-souffrant-dune-maladie-chronique\\\/\",\"name\":\"Un miniforum se penche sur la fa\u00e7on d\u2019aider les clients souffrant d\u2019une maladie chronique - CERIC\",\"isPartOf\":{\"@id\":\"https:\\\/\\\/ceric.ca\\\/#website\"},\"datePublished\":\"2014-06-02T15:02:52+00:00\",\"breadcrumb\":{\"@id\":\"https:\\\/\\\/ceric.ca\\\/fr\\\/un-miniforum-se-penche-sur-la-facon-daider-les-clients-souffrant-dune-maladie-chronique\\\/#breadcrumb\"},\"inLanguage\":\"fr-FR\",\"potentialAction\":[{\"@type\":\"ReadAction\",\"target\":[\"https:\\\/\\\/ceric.ca\\\/fr\\\/un-miniforum-se-penche-sur-la-facon-daider-les-clients-souffrant-dune-maladie-chronique\\\/\"]}]},{\"@type\":\"BreadcrumbList\",\"@id\":\"https:\\\/\\\/ceric.ca\\\/fr\\\/un-miniforum-se-penche-sur-la-facon-daider-les-clients-souffrant-dune-maladie-chronique\\\/#breadcrumb\",\"itemListElement\":[{\"@type\":\"ListItem\",\"position\":1,\"name\":\"Home\",\"item\":\"https:\\\/\\\/ceric.ca\\\/fr\\\/ceric-homepage-2025\\\/\"},{\"@type\":\"ListItem\",\"position\":2,\"name\":\"Un miniforum se penche sur la fa\u00e7on d\u2019aider les clients souffrant d\u2019une maladie chronique\"}]},{\"@type\":\"WebSite\",\"@id\":\"https:\\\/\\\/ceric.ca\\\/#website\",\"url\":\"https:\\\/\\\/ceric.ca\\\/\",\"name\":\"CERIC\",\"description\":\"\",\"publisher\":{\"@id\":\"https:\\\/\\\/ceric.ca\\\/#organization\"},\"potentialAction\":[{\"@type\":\"SearchAction\",\"target\":{\"@type\":\"EntryPoint\",\"urlTemplate\":\"https:\\\/\\\/ceric.ca\\\/?s={search_term_string}\"},\"query-input\":{\"@type\":\"PropertyValueSpecification\",\"valueRequired\":true,\"valueName\":\"search_term_string\"}}],\"inLanguage\":\"fr-FR\"},{\"@type\":\"Organization\",\"@id\":\"https:\\\/\\\/ceric.ca\\\/#organization\",\"name\":\"CERIC\",\"url\":\"https:\\\/\\\/ceric.ca\\\/\",\"logo\":{\"@type\":\"ImageObject\",\"inLanguage\":\"fr-FR\",\"@id\":\"https:\\\/\\\/ceric.ca\\\/#\\\/schema\\\/logo\\\/image\\\/\",\"url\":\"\",\"contentUrl\":\"\",\"caption\":\"CERIC\"},\"image\":{\"@id\":\"https:\\\/\\\/ceric.ca\\\/#\\\/schema\\\/logo\\\/image\\\/\"}}]}<\/script>\n<!-- \/ Yoast SEO Premium plugin. -->","yoast_head_json":{"title":"Un miniforum se penche sur la fa\u00e7on d\u2019aider les clients souffrant d\u2019une maladie chronique  - CERIC","robots":{"index":"index","follow":"follow","max-snippet":"max-snippet:-1","max-image-preview":"max-image-preview:large","max-video-preview":"max-video-preview:-1"},"canonical":"https:\/\/ceric.ca\/fr\/un-miniforum-se-penche-sur-la-facon-daider-les-clients-souffrant-dune-maladie-chronique\/","og_locale":"fr_FR","og_type":"article","og_title":"Un miniforum se penche sur la fa\u00e7on d\u2019aider les clients souffrant d\u2019une maladie chronique","og_description":"Le premier miniforum sur le d\u00e9veloppement de carri\u00e8re commandit\u00e9 par le CERIC examinera diverses fa\u00e7ons de soutenir le nombre croissant de travailleurs canadiens aux prises avec [\u2026]","og_url":"https:\/\/ceric.ca\/fr\/un-miniforum-se-penche-sur-la-facon-daider-les-clients-souffrant-dune-maladie-chronique\/","og_site_name":"CERIC","twitter_card":"summary_large_image","twitter_misc":{"Dur\u00e9e de lecture estim\u00e9e":"2 minutes"},"schema":{"@context":"https:\/\/schema.org","@graph":[{"@type":"WebPage","@id":"https:\/\/ceric.ca\/fr\/un-miniforum-se-penche-sur-la-facon-daider-les-clients-souffrant-dune-maladie-chronique\/","url":"https:\/\/ceric.ca\/fr\/un-miniforum-se-penche-sur-la-facon-daider-les-clients-souffrant-dune-maladie-chronique\/","name":"Un miniforum se penche sur la fa\u00e7on d\u2019aider les clients souffrant d\u2019une maladie chronique - CERIC","isPartOf":{"@id":"https:\/\/ceric.ca\/#website"},"datePublished":"2014-06-02T15:02:52+00:00","breadcrumb":{"@id":"https:\/\/ceric.ca\/fr\/un-miniforum-se-penche-sur-la-facon-daider-les-clients-souffrant-dune-maladie-chronique\/#breadcrumb"},"inLanguage":"fr-FR","potentialAction":[{"@type":"ReadAction","target":["https:\/\/ceric.ca\/fr\/un-miniforum-se-penche-sur-la-facon-daider-les-clients-souffrant-dune-maladie-chronique\/"]}]},{"@type":"BreadcrumbList","@id":"https:\/\/ceric.ca\/fr\/un-miniforum-se-penche-sur-la-facon-daider-les-clients-souffrant-dune-maladie-chronique\/#breadcrumb","itemListElement":[{"@type":"ListItem","position":1,"name":"Home","item":"https:\/\/ceric.ca\/fr\/ceric-homepage-2025\/"},{"@type":"ListItem","position":2,"name":"Un miniforum se penche sur la fa\u00e7on d\u2019aider les clients souffrant d\u2019une maladie chronique"}]},{"@type":"WebSite","@id":"https:\/\/ceric.ca\/#website","url":"https:\/\/ceric.ca\/","name":"CERIC","description":"","publisher":{"@id":"https:\/\/ceric.ca\/#organization"},"potentialAction":[{"@type":"SearchAction","target":{"@type":"EntryPoint","urlTemplate":"https:\/\/ceric.ca\/?s={search_term_string}"},"query-input":{"@type":"PropertyValueSpecification","valueRequired":true,"valueName":"search_term_string"}}],"inLanguage":"fr-FR"},{"@type":"Organization","@id":"https:\/\/ceric.ca\/#organization","name":"CERIC","url":"https:\/\/ceric.ca\/","logo":{"@type":"ImageObject","inLanguage":"fr-FR","@id":"https:\/\/ceric.ca\/#\/schema\/logo\/image\/","url":"","contentUrl":"","caption":"CERIC"},"image":{"@id":"https:\/\/ceric.ca\/#\/schema\/logo\/image\/"}}]}},"_links":{"self":[{"href":"https:\/\/ceric.ca\/fr\/wp-json\/wp\/v2\/pages\/8366","targetHints":{"allow":["GET"]}}],"collection":[{"href":"https:\/\/ceric.ca\/fr\/wp-json\/wp\/v2\/pages"}],"about":[{"href":"https:\/\/ceric.ca\/fr\/wp-json\/wp\/v2\/types\/page"}],"author":[{"embeddable":true,"href":"https:\/\/ceric.ca\/fr\/wp-json\/wp\/v2\/users\/1"}],"replies":[{"embeddable":true,"href":"https:\/\/ceric.ca\/fr\/wp-json\/wp\/v2\/comments?post=8366"}],"version-history":[{"count":0,"href":"https:\/\/ceric.ca\/fr\/wp-json\/wp\/v2\/pages\/8366\/revisions"}],"wp:attachment":[{"href":"https:\/\/ceric.ca\/fr\/wp-json\/wp\/v2\/media?parent=8366"}],"curies":[{"name":"wp","href":"https:\/\/api.w.org\/{rel}","templated":true}]}}