{"id":9442,"date":"2014-07-03T14:27:18","date_gmt":"2014-07-03T14:27:18","guid":{"rendered":"http:\/\/ceric.org\/?page_id=9442"},"modified":"2014-07-03T14:27:18","modified_gmt":"2014-07-03T14:27:18","slug":"nancy-dube-2","status":"publish","type":"page","link":"https:\/\/ceric.ca\/fr\/nancy-dube-2\/","title":{"rendered":"Nancy Dube"},"content":{"rendered":"<p><img decoding=\"async\" class=\"alignleft size-full wp-image-9440\" src=\"http:\/\/ceric.org\/wp-content\/uploads\/2014\/07\/CERIC_headshots_nancy_d.png\" alt=\"CERIC_headshots_nancy_d\" width=\"128\" height=\"140\" srcset=\"https:\/\/ceric.ca\/wp-content\/uploads\/2014\/07\/CERIC_headshots_nancy_d.png 128w, https:\/\/ceric.ca\/wp-content\/uploads\/2014\/07\/CERIC_headshots_nancy_d-98x107.png 98w\" sizes=\"(max-width:767px) 128px, 128px\" \/>Nancy Dub\u00e9 occupe actuellement le poste de chef adjointe de la direction responsable des Services d\u2019emploi et des Services pour nouveaux arrivants du YMCA de Sudbury, depuis la mise sur pied de ce service, soit en 1985. Le YMCA de Sudbury se d\u00e9marque des autres YMCA parce qu\u2019en 2004 et 2007, le minist\u00e8re provincial de la Formation et des Coll\u00e8ges et Universit\u00e9s lui a d\u00e9cern\u00e9 le prix minist\u00e9riel d\u2019excellence OR qui r\u00e9compense la qualit\u00e9 des services.<\/p>\n<p>B\u00e9n\u00e9vole engag\u00e9e, M<sup>me<\/sup> Dub\u00e9 fait partie d\u2019associations pour les jeunes et l\u2019emploi \u00e0 l\u2019\u00e9chelle provinciale et nationale.<\/p>\n<p>Dans sa r\u00e9gion, M<sup>me<\/sup> Dub\u00e9 a \u0153uvr\u00e9 aupr\u00e8s de nombreux groupes et organismes communautaires, notamment la Soci\u00e9t\u00e9 d\u2019aide \u00e0 l\u2019enfance des districts de Sudbury et de Manitoulin, la Community Alliance on Social Issues, le Youth Employment Working Group et Centraide. Elle a pr\u00e9sid\u00e9 pendant plusieurs ann\u00e9es le Groupe de travail sur les refuges d\u2019urgence et l\u2019itin\u00e9rance \u00e0 Sudbury.<\/p>\n<p>M<sup>me<\/sup> Dub\u00e9 et son \u00e9poux Brian habitent dans la petite collectivit\u00e9 de Capreol avec leur chien de race Springer Spaniel, Hunter.<\/p>\n","protected":false},"excerpt":{"rendered":"<p>Nancy Dub\u00e9 occupe actuellement le poste de chef adjointe de la direction responsable des Services d\u2019emploi et des Services pour nouveaux arrivants du YMCA de Sudbury,<span class=\"excerpt-hellip\"> [\u2026]<\/span><\/p>\n","protected":false},"author":1,"featured_media":0,"parent":0,"menu_order":0,"comment_status":"closed","ping_status":"open","template":"","meta":{"h5ap_radio_sources":[],"footnotes":""},"class_list":["post-9442","page","type-page","status-publish","hentry"],"yoast_head":"<!-- This site is optimized with the Yoast SEO Premium plugin v27.3 (Yoast SEO v27.3) - https:\/\/yoast.com\/product\/yoast-seo-premium-wordpress\/ -->\n<title>Nancy Dube - CERIC<\/title>\n<meta name=\"robots\" content=\"index, follow, max-snippet:-1, max-image-preview:large, max-video-preview:-1\" \/>\n<link rel=\"canonical\" href=\"https:\/\/ceric.ca\/fr\/nancy-dube-2\/\" \/>\n<meta property=\"og:locale\" content=\"fr_FR\" \/>\n<meta property=\"og:type\" content=\"article\" \/>\n<meta property=\"og:title\" content=\"Nancy Dube\" \/>\n<meta property=\"og:description\" content=\"Nancy Dub\u00e9 occupe actuellement le poste de chef adjointe de la direction responsable des Services d\u2019emploi et des Services pour nouveaux arrivants du YMCA de Sudbury, [\u2026]\" \/>\n<meta property=\"og:url\" content=\"https:\/\/ceric.ca\/fr\/nancy-dube-2\/\" \/>\n<meta property=\"og:site_name\" content=\"CERIC\" \/>\n<meta property=\"og:image\" content=\"http:\/\/ceric.org\/wp-content\/uploads\/2014\/07\/CERIC_headshots_nancy_d.png\" \/>\n<meta name=\"twitter:card\" content=\"summary_large_image\" \/>\n<meta name=\"twitter:label1\" content=\"Dur\u00e9e de lecture estim\u00e9e\" \/>\n\t<meta name=\"twitter:data1\" content=\"1 minute\" \/>\n<script type=\"application\/ld+json\" class=\"yoast-schema-graph\">{\"@context\":\"https:\\\/\\\/schema.org\",\"@graph\":[{\"@type\":\"WebPage\",\"@id\":\"https:\\\/\\\/ceric.ca\\\/fr\\\/nancy-dube-2\\\/\",\"url\":\"https:\\\/\\\/ceric.ca\\\/fr\\\/nancy-dube-2\\\/\",\"name\":\"Nancy Dube - CERIC\",\"isPartOf\":{\"@id\":\"https:\\\/\\\/ceric.ca\\\/#website\"},\"primaryImageOfPage\":{\"@id\":\"https:\\\/\\\/ceric.ca\\\/fr\\\/nancy-dube-2\\\/#primaryimage\"},\"image\":{\"@id\":\"https:\\\/\\\/ceric.ca\\\/fr\\\/nancy-dube-2\\\/#primaryimage\"},\"thumbnailUrl\":\"http:\\\/\\\/ceric.org\\\/wp-content\\\/uploads\\\/2014\\\/07\\\/CERIC_headshots_nancy_d.png\",\"datePublished\":\"2014-07-03T14:27:18+00:00\",\"breadcrumb\":{\"@id\":\"https:\\\/\\\/ceric.ca\\\/fr\\\/nancy-dube-2\\\/#breadcrumb\"},\"inLanguage\":\"fr-FR\",\"potentialAction\":[{\"@type\":\"ReadAction\",\"target\":[\"https:\\\/\\\/ceric.ca\\\/fr\\\/nancy-dube-2\\\/\"]}]},{\"@type\":\"ImageObject\",\"inLanguage\":\"fr-FR\",\"@id\":\"https:\\\/\\\/ceric.ca\\\/fr\\\/nancy-dube-2\\\/#primaryimage\",\"url\":\"http:\\\/\\\/ceric.org\\\/wp-content\\\/uploads\\\/2014\\\/07\\\/CERIC_headshots_nancy_d.png\",\"contentUrl\":\"http:\\\/\\\/ceric.org\\\/wp-content\\\/uploads\\\/2014\\\/07\\\/CERIC_headshots_nancy_d.png\"},{\"@type\":\"BreadcrumbList\",\"@id\":\"https:\\\/\\\/ceric.ca\\\/fr\\\/nancy-dube-2\\\/#breadcrumb\",\"itemListElement\":[{\"@type\":\"ListItem\",\"position\":1,\"name\":\"Home\",\"item\":\"https:\\\/\\\/ceric.ca\\\/fr\\\/ceric-homepage-2025\\\/\"},{\"@type\":\"ListItem\",\"position\":2,\"name\":\"Nancy Dube\"}]},{\"@type\":\"WebSite\",\"@id\":\"https:\\\/\\\/ceric.ca\\\/#website\",\"url\":\"https:\\\/\\\/ceric.ca\\\/\",\"name\":\"CERIC\",\"description\":\"\",\"publisher\":{\"@id\":\"https:\\\/\\\/ceric.ca\\\/#organization\"},\"potentialAction\":[{\"@type\":\"SearchAction\",\"target\":{\"@type\":\"EntryPoint\",\"urlTemplate\":\"https:\\\/\\\/ceric.ca\\\/?s={search_term_string}\"},\"query-input\":{\"@type\":\"PropertyValueSpecification\",\"valueRequired\":true,\"valueName\":\"search_term_string\"}}],\"inLanguage\":\"fr-FR\"},{\"@type\":\"Organization\",\"@id\":\"https:\\\/\\\/ceric.ca\\\/#organization\",\"name\":\"CERIC\",\"url\":\"https:\\\/\\\/ceric.ca\\\/\",\"logo\":{\"@type\":\"ImageObject\",\"inLanguage\":\"fr-FR\",\"@id\":\"https:\\\/\\\/ceric.ca\\\/#\\\/schema\\\/logo\\\/image\\\/\",\"url\":\"\",\"contentUrl\":\"\",\"caption\":\"CERIC\"},\"image\":{\"@id\":\"https:\\\/\\\/ceric.ca\\\/#\\\/schema\\\/logo\\\/image\\\/\"}}]}<\/script>\n<!-- \/ Yoast SEO Premium plugin. -->","yoast_head_json":{"title":"Nancy Dube - CERIC","robots":{"index":"index","follow":"follow","max-snippet":"max-snippet:-1","max-image-preview":"max-image-preview:large","max-video-preview":"max-video-preview:-1"},"canonical":"https:\/\/ceric.ca\/fr\/nancy-dube-2\/","og_locale":"fr_FR","og_type":"article","og_title":"Nancy Dube","og_description":"Nancy Dub\u00e9 occupe actuellement le poste de chef adjointe de la direction responsable des Services d\u2019emploi et des Services pour nouveaux arrivants du YMCA de Sudbury, [\u2026]","og_url":"https:\/\/ceric.ca\/fr\/nancy-dube-2\/","og_site_name":"CERIC","og_image":[{"url":"http:\/\/ceric.org\/wp-content\/uploads\/2014\/07\/CERIC_headshots_nancy_d.png","type":"","width":"","height":""}],"twitter_card":"summary_large_image","twitter_misc":{"Dur\u00e9e de lecture estim\u00e9e":"1 minute"},"schema":{"@context":"https:\/\/schema.org","@graph":[{"@type":"WebPage","@id":"https:\/\/ceric.ca\/fr\/nancy-dube-2\/","url":"https:\/\/ceric.ca\/fr\/nancy-dube-2\/","name":"Nancy Dube - CERIC","isPartOf":{"@id":"https:\/\/ceric.ca\/#website"},"primaryImageOfPage":{"@id":"https:\/\/ceric.ca\/fr\/nancy-dube-2\/#primaryimage"},"image":{"@id":"https:\/\/ceric.ca\/fr\/nancy-dube-2\/#primaryimage"},"thumbnailUrl":"http:\/\/ceric.org\/wp-content\/uploads\/2014\/07\/CERIC_headshots_nancy_d.png","datePublished":"2014-07-03T14:27:18+00:00","breadcrumb":{"@id":"https:\/\/ceric.ca\/fr\/nancy-dube-2\/#breadcrumb"},"inLanguage":"fr-FR","potentialAction":[{"@type":"ReadAction","target":["https:\/\/ceric.ca\/fr\/nancy-dube-2\/"]}]},{"@type":"ImageObject","inLanguage":"fr-FR","@id":"https:\/\/ceric.ca\/fr\/nancy-dube-2\/#primaryimage","url":"http:\/\/ceric.org\/wp-content\/uploads\/2014\/07\/CERIC_headshots_nancy_d.png","contentUrl":"http:\/\/ceric.org\/wp-content\/uploads\/2014\/07\/CERIC_headshots_nancy_d.png"},{"@type":"BreadcrumbList","@id":"https:\/\/ceric.ca\/fr\/nancy-dube-2\/#breadcrumb","itemListElement":[{"@type":"ListItem","position":1,"name":"Home","item":"https:\/\/ceric.ca\/fr\/ceric-homepage-2025\/"},{"@type":"ListItem","position":2,"name":"Nancy Dube"}]},{"@type":"WebSite","@id":"https:\/\/ceric.ca\/#website","url":"https:\/\/ceric.ca\/","name":"CERIC","description":"","publisher":{"@id":"https:\/\/ceric.ca\/#organization"},"potentialAction":[{"@type":"SearchAction","target":{"@type":"EntryPoint","urlTemplate":"https:\/\/ceric.ca\/?s={search_term_string}"},"query-input":{"@type":"PropertyValueSpecification","valueRequired":true,"valueName":"search_term_string"}}],"inLanguage":"fr-FR"},{"@type":"Organization","@id":"https:\/\/ceric.ca\/#organization","name":"CERIC","url":"https:\/\/ceric.ca\/","logo":{"@type":"ImageObject","inLanguage":"fr-FR","@id":"https:\/\/ceric.ca\/#\/schema\/logo\/image\/","url":"","contentUrl":"","caption":"CERIC"},"image":{"@id":"https:\/\/ceric.ca\/#\/schema\/logo\/image\/"}}]}},"_links":{"self":[{"href":"https:\/\/ceric.ca\/fr\/wp-json\/wp\/v2\/pages\/9442","targetHints":{"allow":["GET"]}}],"collection":[{"href":"https:\/\/ceric.ca\/fr\/wp-json\/wp\/v2\/pages"}],"about":[{"href":"https:\/\/ceric.ca\/fr\/wp-json\/wp\/v2\/types\/page"}],"author":[{"embeddable":true,"href":"https:\/\/ceric.ca\/fr\/wp-json\/wp\/v2\/users\/1"}],"replies":[{"embeddable":true,"href":"https:\/\/ceric.ca\/fr\/wp-json\/wp\/v2\/comments?post=9442"}],"version-history":[{"count":0,"href":"https:\/\/ceric.ca\/fr\/wp-json\/wp\/v2\/pages\/9442\/revisions"}],"wp:attachment":[{"href":"https:\/\/ceric.ca\/fr\/wp-json\/wp\/v2\/media?parent=9442"}],"curies":[{"name":"wp","href":"https:\/\/api.w.org\/{rel}","templated":true}]}}